{"id":863,"date":"2026-03-25T10:39:50","date_gmt":"2026-03-25T09:39:50","guid":{"rendered":"https:\/\/vistonia.ch\/giancarlo-perotto\/"},"modified":"2026-03-28T12:44:29","modified_gmt":"2026-03-28T11:44:29","slug":"giancarlo-perotto","status":"publish","type":"page","link":"https:\/\/vistonia.ch\/de\/giancarlo-perotto\/","title":{"rendered":"Giancarlo Perotto"},"content":{"rendered":"<div class=\"et_pb_section_0 et_pb_section et_section_regular et_block_section\">\n<div class=\"et_pb_row_0 et_pb_row et_block_row\">\n<div class=\"et_pb_column_0 et_pb_column et_pb_column_4_4 et-last-child et_block_column et_pb_css_mix_blend_mode_passthrough\">\n<div class=\"et_pb_text_0 et_pb_text et_pb_bg_layout_light et_pb_module et_block_module text-citation\"><div class=\"et_pb_text_inner\"><p><em>\u00abDer Traum ist alles, die Technik ist lernbar.\u00bb<\/em><\/p>\n<\/div><\/div>\n\n<div class=\"et_pb_text_1 et_pb_text et_pb_bg_layout_light et_pb_module et_block_module\"><div class=\"et_pb_text_inner\"><p>Jean Tinguely<\/p>\n<\/div><\/div>\n<\/div>\n<\/div>\n<\/div>\n\n<div class=\"et_pb_section_1 et_pb_section et_section_regular et_block_section\" id=\"qui-sommes-nous\">\n<div class=\"et_pb_row_1 et_pb_row et_block_row\">\n<div class=\"et_pb_column_1 et_pb_column et_pb_column_4_4 et-last-child et_block_column et_pb_css_mix_blend_mode_passthrough\">\n<div class=\"et_pb_text_2 et_pb_text et_pb_bg_layout_light et_pb_module et_block_module custom-list\"><div class=\"et_pb_text_inner\"><p>Lebenslauf<\/p>\n<\/div><\/div>\n<\/div>\n<\/div>\n\n<div class=\"et_pb_row_2 et_pb_row et_flex_row\">\n<div class=\"et_pb_column_2 et_pb_column et_block_column et_pb_css_mix_blend_mode_passthrough et_flex_column_2_5 et_flex_column_2_5_tablet et_flex_column_24_24_phone\">\n<div class=\"et_pb_text_3 et_pb_text et_pb_bg_layout_light et_pb_module et_block_module title\"><div class=\"et_pb_text_inner\"><h1>Giancarlo Perotto<\/h1>\n<\/div><\/div>\n\n<div class=\"et_pb_text_4 et_pb_text et_pb_bg_layout_light et_pb_module et_block_module text-cv\"><div class=\"et_pb_text_inner\"><p><em>Gr\u00fcnder und Teilhaber<\/em><br \/><a href=\"tel:+41794437686\">+41 79 443 76 86<\/a><br \/><a href=\"mailto:giancarlo.perotto@vistonia.ch\">giancarlo.perotto@vistonia.ch<\/a><\/p>\n<p><a href=\"https:\/\/www.linkedin.com\/in\/giancarlo-perotto-60289815b\/\" target=\"_blank\" rel=\"noopener\"><img loading=\"lazy\" decoding=\"async\" src=\"https:\/\/vistonia.ch\/wp-content\/uploads\/2026\/03\/linkedin-brown.svg\" width=\"38\" height=\"38\" alt=\"Linkedin Brown\" class=\"wp-image-109 alignnone size-full\" title=\"Giancarlo Perotto\"><\/a><\/p>\n<\/div><\/div>\n<\/div>\n\n<div class=\"et_pb_column_3 et_pb_column et-last-child et_block_column et_pb_css_mix_blend_mode_passthrough et_flex_column_3_5 et_flex_column_3_5_tablet et_flex_column_24_24_phone\">\n<div class=\"et_pb_text_5 et_pb_text et_pb_bg_layout_light et_pb_module et_block_module text-cv\"><div class=\"et_pb_text_inner\"><p><strong>Ausbildung<\/strong><\/p>\n<ul>\n<li>Dipl. Architekt ETH-Z<\/li>\n<li>Dipl. NDS ETH-Z in Betriebswissenschaften<\/li>\n<\/ul>\n<p><strong>Qualifikationen<\/strong><\/p>\n<ul>\n<li>Fast 20 Jahre berufliche T\u00e4tigkeit in der Immobilienentwicklung, Erfahrung mit der Leitung von Arealentwicklungen und Grossprojekten sowie mit der Erarbeitung und Durchsetzung von \u00fcbergeordneten Planungsinstrumenten<\/li>\n<li>Breites nationales Netzwerk<\/li>\n<li>Zweisprachig Deutsch und Franz\u00f6sisch<\/li>\n<\/ul>\n<p><strong>Arbeitsmethodik<\/strong><\/p>\n<ul>\n<li>Zielorientiert \u2013 Analytische, logische und pragmatische Denkweise sowie schnelle Auffassungsgabe bilden die Basis f\u00fcr ein zielorientiertes und effizientes Arbeiten.<\/li>\n<li>Engagiert \u2013 Selbstmotiviert und ausdauernd setze ich mich f\u00fcr die Zielerreichung ein und bleibe dabei flexibel, intuitiv und dynamisch.<\/li>\n<li>Zuverl\u00e4ssig \u2013 Mir anvertraute Aufgaben erledige ich selbst\u00e4ndig, zuverl\u00e4ssig und loyal, ohne dabei die definierten Ziele aus den Augen zu verlieren.<\/li>\n<\/ul>\n<p><strong>Berufliche T\u00e4tigkeiten<\/strong><\/p>\n<ul>\n<li>Seit 2019 Erarbeitung von Visionen und Strategien sowie Aufbau der Vistonia AG als nutzerorientierte Immobilienentwicklungs-Dienstleisterin<\/li>\n<li>Vorher w\u00e4hrend 15 Jahre t\u00e4tig als Leiter eines Teams von Immobilienentwicklern bei verschiedenen national t\u00e4tigen Totalunternehmungen und als solches zust\u00e4ndig f\u00fcr den Aufbau und die Leitung der Teams mit bis zu 8 Personen mit einem Projektportfolio von ca. CHF 1.0 Mia.<\/li>\n<li>Seit dem Abschluss des Architektur-Studiums t\u00e4tig als Projektleiter Entwicklung, Bauherrenberater und -vertreter sowie Projekt- und Bauleiter<\/li>\n<\/ul>\n<\/div><\/div>\n\n<div class=\"et_pb_module et_pb_button_module_wrapper et_pb_button_0_wrapper\"><a class=\"et_pb_button_0 et_pb_button et_pb_bg_layout_light et_pb_module et_block_module\" href=\"https:\/\/vistonia.ch\/entreprise\/\">Zur\u00fcck<\/a><\/div>\n<\/div>\n<\/div>\n<\/div>","protected":false},"excerpt":{"rendered":"","protected":false},"author":1,"featured_media":861,"parent":0,"menu_order":0,"comment_status":"closed","ping_status":"closed","template":"","meta":{"footnotes":""},"class_list":["post-863","page","type-page","status-publish","has-post-thumbnail","hentry"],"_links":{"self":[{"href":"https:\/\/vistonia.ch\/de\/wp-json\/wp\/v2\/pages\/863","targetHints":{"allow":["GET"]}}],"collection":[{"href":"https:\/\/vistonia.ch\/de\/wp-json\/wp\/v2\/pages"}],"about":[{"href":"https:\/\/vistonia.ch\/de\/wp-json\/wp\/v2\/types\/page"}],"author":[{"embeddable":true,"href":"https:\/\/vistonia.ch\/de\/wp-json\/wp\/v2\/users\/1"}],"replies":[{"embeddable":true,"href":"https:\/\/vistonia.ch\/de\/wp-json\/wp\/v2\/comments?post=863"}],"version-history":[{"count":2,"href":"https:\/\/vistonia.ch\/de\/wp-json\/wp\/v2\/pages\/863\/revisions"}],"predecessor-version":[{"id":865,"href":"https:\/\/vistonia.ch\/de\/wp-json\/wp\/v2\/pages\/863\/revisions\/865"}],"wp:featuredmedia":[{"embeddable":true,"href":"https:\/\/vistonia.ch\/de\/wp-json\/wp\/v2\/media\/861"}],"wp:attachment":[{"href":"https:\/\/vistonia.ch\/de\/wp-json\/wp\/v2\/media?parent=863"}],"curies":[{"name":"wp","href":"https:\/\/api.w.org\/{rel}","templated":true}]}}