{"id":856,"date":"2026-03-25T14:12:33","date_gmt":"2026-03-25T13:12:33","guid":{"rendered":"https:\/\/vistonia.ch\/pasquale-pilato\/"},"modified":"2026-03-28T12:40:58","modified_gmt":"2026-03-28T11:40:58","slug":"pasquale-pilato","status":"publish","type":"page","link":"https:\/\/vistonia.ch\/de\/pasquale-pilato\/","title":{"rendered":"Pasquale Pilato"},"content":{"rendered":"<div class=\"et_pb_section_0 et_pb_section et_section_regular et_block_section\">\n<div class=\"et_pb_row_0 et_pb_row et_block_row\">\n<div class=\"et_pb_column_0 et_pb_column et_pb_column_4_4 et-last-child et_block_column et_pb_css_mix_blend_mode_passthrough\">\n<div class=\"et_pb_text_0 et_pb_text et_pb_bg_layout_light et_pb_module et_block_module text-citation\"><div class=\"et_pb_text_inner\"><p><em>\u00abEs gibt kein Geheimnis f\u00fcr den Erfolg. Er ist das Ergebnis aus Vorbereitung, harter Arbeit und der Bereitschaft, aus Fehlern zu lernen.\u00bb<\/em><\/p>\n<\/div><\/div>\n\n<div class=\"et_pb_text_1 et_pb_text et_pb_bg_layout_light et_pb_module et_block_module\"><div class=\"et_pb_text_inner\"><p>Collin Powell<\/p>\n<\/div><\/div>\n<\/div>\n<\/div>\n<\/div>\n\n<div class=\"et_pb_section_1 et_pb_section et_section_regular et_block_section\" id=\"qui-sommes-nous\">\n<div class=\"et_pb_row_1 et_pb_row et_block_row\">\n<div class=\"et_pb_column_1 et_pb_column et_pb_column_4_4 et-last-child et_block_column et_pb_css_mix_blend_mode_passthrough\">\n<div class=\"et_pb_text_2 et_pb_text et_pb_bg_layout_light et_pb_module et_block_module custom-list\"><div class=\"et_pb_text_inner\"><p>Lebenslauf<\/p>\n<\/div><\/div>\n<\/div>\n<\/div>\n\n<div class=\"et_pb_row_2 et_pb_row et_flex_row\">\n<div class=\"et_pb_column_2 et_pb_column et_block_column et_pb_css_mix_blend_mode_passthrough et_flex_column_2_5 et_flex_column_2_5_tablet et_flex_column_24_24_phone\">\n<div class=\"et_pb_text_3 et_pb_text et_pb_bg_layout_light et_pb_module et_block_module title\"><div class=\"et_pb_text_inner\"><h1>Pasquale Pilato<\/h1>\n<\/div><\/div>\n\n<div class=\"et_pb_text_4 et_pb_text et_pb_bg_layout_light et_pb_module et_block_module text-cv\"><div class=\"et_pb_text_inner\"><p><em>Freier Mitarbeiter<\/em><br \/><a href=\"tel:+41793938825\">+41 79 393 88 25<\/a><br \/><a href=\"mailto:pasquale.pilato@vistonia.ch\">pasquale.pilato@vistonia.ch<\/a><\/p>\n<p><a href=\"https:\/\/www.linkedin.com\/in\/pasquale-pilato-7a8a37b1\/\" target=\"_blank\" rel=\"noopener\"><img loading=\"lazy\" decoding=\"async\" src=\"https:\/\/vistonia.ch\/wp-content\/uploads\/2026\/03\/linkedin-brown.svg\" width=\"38\" height=\"38\" alt=\"Linkedin Brown\" class=\"wp-image-109 alignnone size-full\" title=\"Pasquale Pilato\"><\/a><\/p>\n<\/div><\/div>\n<\/div>\n\n<div class=\"et_pb_column_3 et_pb_column et-last-child et_block_column et_pb_css_mix_blend_mode_passthrough et_flex_column_3_5 et_flex_column_3_5_tablet et_flex_column_24_24_phone\">\n<div class=\"et_pb_text_5 et_pb_text et_pb_bg_layout_light et_pb_module et_block_module text-cv\"><div class=\"et_pb_text_inner\"><p><strong>Ausbildung<\/strong><\/p>\n<ul>\n<li>CAS Areal- und Immobilienprojektentwicklung, BFH<\/li>\n<li>CAS Immobilienmanagement, BFH<\/li>\n<li>CAS Bestellerkompetenz, ZHAW<\/li>\n<li>Bachelor of Arts in Architektur, BFH<\/li>\n<li>Dipl. Hochbauzeichner EFZ<\/li>\n<\/ul>\n<p><strong>Qualifikationen<\/strong><\/p>\n<ul>\n<li>\u00dcber 10 Jahre berufliche T\u00e4tigkeit in der Immobilienentwicklung, Bauherrenvertretung, Gesamtleitung Projektentwicklung sowie div. Pr\u00fcfmandate in Qualit\u00e4ts- und Risikomanagement<\/li>\n<li>Breites nationales Netzwerk<\/li>\n<li>Sprachen: Italienisch, Deutsch, Englisch, Franz\u00f6sisch, Spanisch<\/li>\n<\/ul>\n<p><strong>Arbeitsmethodik<\/strong><\/p>\n<ul>\n<li>Leidenschaftlich interessiert an s\u00e4mtlichen Bauphasen, von der Ausarbeitung einer Idee bis zur Umsetzung auf der Baustelle<\/li>\n<li>Hohe Anpassungsf\u00e4higkeit an die spezifischen Bed\u00fcrfnisse des Kunden und des Mandats<\/li>\n<li>Kritische Analyse der Herausforderungen und M\u00f6glichkeiten, um die richtige L\u00f6sung f\u00fcr das Projekt zu finden\u200b<\/li>\n<\/ul>\n<p><strong>Berufliche T\u00e4tigkeiten\u200b<\/strong><\/p>\n<ul>\n<li>2022 Eintritt als Freelancer in die Vistonia AG<\/li>\n<li>Seit 2019 Gesch\u00e4ftsf\u00fchrer bei Pilato Management AG<\/li>\n<li>Seit Berufseintritt t\u00e4tig in der Bau- und Immobilienbranche, als Bauprojektleiter Hochbau bei einem international t\u00e4tigen Total- und Generalunternehmung und Projektmitarbeiter Bautreuhand bei einem nationalen Immobilien-Dienstleister<\/li>\n<\/ul>\n<\/div><\/div>\n\n<div class=\"et_pb_module et_pb_button_module_wrapper et_pb_button_0_wrapper\"><a class=\"et_pb_button_0 et_pb_button et_pb_bg_layout_light et_pb_module et_block_module\" href=\"https:\/\/vistonia.ch\/entreprise\/\">Zur\u00fcck<\/a><\/div>\n<\/div>\n<\/div>\n<\/div>","protected":false},"excerpt":{"rendered":"","protected":false},"author":1,"featured_media":854,"parent":0,"menu_order":0,"comment_status":"closed","ping_status":"closed","template":"","meta":{"footnotes":""},"class_list":["post-856","page","type-page","status-publish","has-post-thumbnail","hentry"],"_links":{"self":[{"href":"https:\/\/vistonia.ch\/de\/wp-json\/wp\/v2\/pages\/856","targetHints":{"allow":["GET"]}}],"collection":[{"href":"https:\/\/vistonia.ch\/de\/wp-json\/wp\/v2\/pages"}],"about":[{"href":"https:\/\/vistonia.ch\/de\/wp-json\/wp\/v2\/types\/page"}],"author":[{"embeddable":true,"href":"https:\/\/vistonia.ch\/de\/wp-json\/wp\/v2\/users\/1"}],"replies":[{"embeddable":true,"href":"https:\/\/vistonia.ch\/de\/wp-json\/wp\/v2\/comments?post=856"}],"version-history":[{"count":2,"href":"https:\/\/vistonia.ch\/de\/wp-json\/wp\/v2\/pages\/856\/revisions"}],"predecessor-version":[{"id":860,"href":"https:\/\/vistonia.ch\/de\/wp-json\/wp\/v2\/pages\/856\/revisions\/860"}],"wp:featuredmedia":[{"embeddable":true,"href":"https:\/\/vistonia.ch\/de\/wp-json\/wp\/v2\/media\/854"}],"wp:attachment":[{"href":"https:\/\/vistonia.ch\/de\/wp-json\/wp\/v2\/media?parent=856"}],"curies":[{"name":"wp","href":"https:\/\/api.w.org\/{rel}","templated":true}]}}