{"id":846,"date":"2026-03-25T11:26:44","date_gmt":"2026-03-25T10:26:44","guid":{"rendered":"https:\/\/vistonia.ch\/stefan-liechti\/"},"modified":"2026-03-28T12:34:02","modified_gmt":"2026-03-28T11:34:02","slug":"stefan-liechti","status":"publish","type":"page","link":"https:\/\/vistonia.ch\/de\/stefan-liechti\/","title":{"rendered":"Stefan Liechti"},"content":{"rendered":"<div class=\"et_pb_section_0 et_pb_section et_section_regular et_block_section\">\n<div class=\"et_pb_row_0 et_pb_row et_block_row\">\n<div class=\"et_pb_column_0 et_pb_column et_pb_column_4_4 et-last-child et_block_column et_pb_css_mix_blend_mode_passthrough\">\n<div class=\"et_pb_text_0 et_pb_text et_pb_bg_layout_light et_pb_module et_block_module text-citation\"><div class=\"et_pb_text_inner\"><p><em>\u00abDer Preis des Erfolges ist Hingabe, harte Arbeit und unabl\u00e4ssiger Einsatz f\u00fcr das, was man erreichen will.\u00bb<\/em><\/p>\n<\/div><\/div>\n\n<div class=\"et_pb_text_1 et_pb_text et_pb_bg_layout_light et_pb_module et_block_module\"><div class=\"et_pb_text_inner\"><p>Frank Lloyd Wright<\/p>\n<\/div><\/div>\n<\/div>\n<\/div>\n<\/div>\n\n<div class=\"et_pb_section_1 et_pb_section et_section_regular et_block_section\" id=\"qui-sommes-nous\">\n<div class=\"et_pb_row_1 et_pb_row et_block_row\">\n<div class=\"et_pb_column_1 et_pb_column et_pb_column_4_4 et-last-child et_block_column et_pb_css_mix_blend_mode_passthrough\">\n<div class=\"et_pb_text_2 et_pb_text et_pb_bg_layout_light et_pb_module et_block_module custom-list\"><div class=\"et_pb_text_inner\"><p>Lebenslauf<\/p>\n<\/div><\/div>\n<\/div>\n<\/div>\n\n<div class=\"et_pb_row_2 et_pb_row et_flex_row\">\n<div class=\"et_pb_column_2 et_pb_column et_block_column et_pb_css_mix_blend_mode_passthrough et_flex_column_2_5 et_flex_column_2_5_tablet et_flex_column_24_24_phone\">\n<div class=\"et_pb_text_3 et_pb_text et_pb_bg_layout_light et_pb_module et_block_module title\"><div class=\"et_pb_text_inner\"><h1>Stefan Liechti<\/h1>\n<\/div><\/div>\n\n<div class=\"et_pb_text_4 et_pb_text et_pb_bg_layout_light et_pb_module et_block_module text-cv\"><div class=\"et_pb_text_inner\"><p><em>Teilhaber<\/em><br \/><a href=\"tel:+41797922769\">+41 79 792 27 69<\/a><br \/><a href=\"mailto:stefan.liechti@vistonia.ch\">stefan.liechti@vistonia.ch<\/a><\/p>\n<p><a href=\"https:\/\/www.linkedin.com\/in\/stefan-liechti-2a5174205\/\" target=\"_blank\" rel=\"noopener\"><img loading=\"lazy\" decoding=\"async\" src=\"https:\/\/vistonia.ch\/wp-content\/uploads\/2026\/03\/linkedin-brown.svg\" width=\"38\" height=\"38\" alt=\"Linkedin Brown\" class=\"wp-image-109 alignnone size-full\" title=\"Stefan Liechti\"><\/a><\/p>\n<\/div><\/div>\n<\/div>\n\n<div class=\"et_pb_column_3 et_pb_column et-last-child et_block_column et_pb_css_mix_blend_mode_passthrough et_flex_column_3_5 et_flex_column_3_5_tablet et_flex_column_24_24_phone\">\n<div class=\"et_pb_text_5 et_pb_text et_pb_bg_layout_light et_pb_module et_block_module text-cv\"><div class=\"et_pb_text_inner\"><p><strong>Ausbildung<\/strong><\/p>\n<ul>\n<li>Dipl. Architekt FH<\/li>\n<li>MAS Real Estate Management IFZ HSLU<\/li>\n<li>Dipl. Schreinermeister<\/li>\n<\/ul>\n<p><strong>Qualifikationen<\/strong><\/p>\n<ul>\n<li>\u00dcber 15 Jahre berufliche T\u00e4tigkeit in der Immobilienentwicklung, Erfahrung in der Leitung von Arealentwicklungen und Grossprojekten sowie in der Erarbeitung und Durchsetzung von \u00fcbergeordneten Planungsinstrumenten<\/li>\n<li>Breites nationales Netzwerk<\/li>\n<li>Langj\u00e4hrige Erfahrung bez\u00fcglich Nachfragerisiken und Chancen des Immobilienmarktes<\/li>\n<\/ul>\n<p><strong>Arbeitsmethodik<\/strong><\/p>\n<ul>\n<li>Strukturiert \u2013 Systematik und vernetztes Denken bilden die Grundlage f\u00fcr das Ableiten der richtigen Schl\u00fcsse in komplexen Konstellationen.<\/li>\n<li>Fokussiert \u2013 In der L\u00f6sungsfindung bin ich Neuerungen und Innovationen gegen\u00fcber sehr offen, ohne jedoch das Ziel aus den Augen zu verlieren.<\/li>\n<li>Zuverl\u00e4ssig \u2013 Stets der Aufgabe verpflichtet zeichnet sich meine Arbeitsweise durch z\u00fcgiges, effizientes Vorgehen, sowie rasche Entscheidungsfindung aus.<\/li>\n<\/ul>\n<p><strong>Berufliche T\u00e4tigkeiten<\/strong><\/p>\n<ul>\n<li>2020 Eintritt als Teilhaber in die Vistonia AG<\/li>\n<li>Vorher w\u00e4hrend \u00fcber 15 Jahren t\u00e4tig in der Immobilienentwicklung bei verschiedenen national t\u00e4tigen Totalunternehmungen. Insbesondere Arealentwicklungen und Grossprojekte.<\/li>\n<li>Seit Berufseintritt t\u00e4tig in der Bau- und Immobilienbranche.<\/li>\n<\/ul>\n<\/div><\/div>\n\n<div class=\"et_pb_module et_pb_button_module_wrapper et_pb_button_0_wrapper\"><a class=\"et_pb_button_0 et_pb_button et_pb_bg_layout_light et_pb_module et_block_module\" href=\"https:\/\/vistonia.ch\/entreprise\/\">Zur\u00fcck<\/a><\/div>\n<\/div>\n<\/div>\n<\/div>","protected":false},"excerpt":{"rendered":"","protected":false},"author":1,"featured_media":844,"parent":0,"menu_order":0,"comment_status":"closed","ping_status":"closed","template":"","meta":{"footnotes":""},"class_list":["post-846","page","type-page","status-publish","has-post-thumbnail","hentry"],"_links":{"self":[{"href":"https:\/\/vistonia.ch\/de\/wp-json\/wp\/v2\/pages\/846","targetHints":{"allow":["GET"]}}],"collection":[{"href":"https:\/\/vistonia.ch\/de\/wp-json\/wp\/v2\/pages"}],"about":[{"href":"https:\/\/vistonia.ch\/de\/wp-json\/wp\/v2\/types\/page"}],"author":[{"embeddable":true,"href":"https:\/\/vistonia.ch\/de\/wp-json\/wp\/v2\/users\/1"}],"replies":[{"embeddable":true,"href":"https:\/\/vistonia.ch\/de\/wp-json\/wp\/v2\/comments?post=846"}],"version-history":[{"count":2,"href":"https:\/\/vistonia.ch\/de\/wp-json\/wp\/v2\/pages\/846\/revisions"}],"predecessor-version":[{"id":848,"href":"https:\/\/vistonia.ch\/de\/wp-json\/wp\/v2\/pages\/846\/revisions\/848"}],"wp:featuredmedia":[{"embeddable":true,"href":"https:\/\/vistonia.ch\/de\/wp-json\/wp\/v2\/media\/844"}],"wp:attachment":[{"href":"https:\/\/vistonia.ch\/de\/wp-json\/wp\/v2\/media?parent=846"}],"curies":[{"name":"wp","href":"https:\/\/api.w.org\/{rel}","templated":true}]}}