{"id":841,"date":"2026-03-25T11:54:45","date_gmt":"2026-03-25T10:54:45","guid":{"rendered":"https:\/\/vistonia.ch\/thomas-heiter\/"},"modified":"2026-03-27T11:47:08","modified_gmt":"2026-03-27T10:47:08","slug":"thomas-heiter","status":"publish","type":"page","link":"https:\/\/vistonia.ch\/de\/thomas-heiter\/","title":{"rendered":"Thomas Heiter"},"content":{"rendered":"<div class=\"et_pb_section_0 et_pb_section et_section_regular et_block_section\">\n<div class=\"et_pb_row_0 et_pb_row et_block_row\">\n<div class=\"et_pb_column_0 et_pb_column et_pb_column_4_4 et-last-child et_block_column et_pb_css_mix_blend_mode_passthrough\">\n<div class=\"et_pb_text_0 et_pb_text et_pb_bg_layout_light et_pb_module et_block_module text-citation\"><div class=\"et_pb_text_inner\"><p>\u00abNur wer das Ziel kennt, findet den Weg.\u00bb<\/p>\n<\/div><\/div>\n\n<div class=\"et_pb_text_1 et_pb_text et_pb_bg_layout_light et_pb_module et_block_module\"><div class=\"et_pb_text_inner\"><p>Laotse<\/p>\n<\/div><\/div>\n<\/div>\n<\/div>\n<\/div>\n\n<div class=\"et_pb_section_1 et_pb_section et_section_regular et_block_section\" id=\"qui-sommes-nous\">\n<div class=\"et_pb_row_1 et_pb_row et_block_row\">\n<div class=\"et_pb_column_1 et_pb_column et_pb_column_4_4 et-last-child et_block_column et_pb_css_mix_blend_mode_passthrough\">\n<div class=\"et_pb_text_2 et_pb_text et_pb_bg_layout_light et_pb_module et_block_module custom-list\"><div class=\"et_pb_text_inner\"><p>Lebenslauf<\/p>\n<\/div><\/div>\n<\/div>\n<\/div>\n\n<div class=\"et_pb_row_2 et_pb_row et_flex_row\">\n<div class=\"et_pb_column_2 et_pb_column et_block_column et_pb_css_mix_blend_mode_passthrough et_flex_column_2_5 et_flex_column_2_5_tablet et_flex_column_24_24_phone\">\n<div class=\"et_pb_text_3 et_pb_text et_pb_bg_layout_light et_pb_module et_block_module title\"><div class=\"et_pb_text_inner\"><h1>Thomas Heiter<\/h1>\n<\/div><\/div>\n\n<div class=\"et_pb_text_4 et_pb_text et_pb_bg_layout_light et_pb_module et_block_module text-cv\"><div class=\"et_pb_text_inner\"><p><em>Teilhaber<\/em><br \/><a href=\"tel:+41796989635\">+41 79 698 96 35<\/a><br \/><a href=\"mailto:thomas.heiter@vistonia.ch\">thomas.heiter@vistonia.ch<\/a><\/p>\n<p><a href=\"https:\/\/www.linkedin.com\/in\/thomas-heiter\/\" target=\"_blank\" rel=\"noopener\"><img loading=\"lazy\" decoding=\"async\" src=\"https:\/\/vistonia.ch\/wp-content\/uploads\/2026\/03\/linkedin-brown.svg\" width=\"38\" height=\"38\" alt=\"Linkedin Brown\" class=\"wp-image-109 alignnone size-full\" title=\"Thomas Heiter\"><\/a><\/p>\n<\/div><\/div>\n<\/div>\n\n<div class=\"et_pb_column_3 et_pb_column et-last-child et_block_column et_pb_css_mix_blend_mode_passthrough et_flex_column_3_5 et_flex_column_3_5_tablet et_flex_column_24_24_phone\">\n<div class=\"et_pb_text_5 et_pb_text et_pb_bg_layout_light et_pb_module et_block_module text-cv\"><div class=\"et_pb_text_inner\"><p><strong>Ausbildung<\/strong><\/p>\n<ul>\n<li>Weiterbildungen Minergie A; P; ECO, Nachhaltigkeit im Hochbau<\/li>\n<li>CAS Akustik, FHBB<\/li>\n<li>CAS Lichtplanung und -gestaltung, FH Z\u00fcrich<\/li>\n<li>CAS Luftstr\u00f6mungsberechnungen in R\u00e4umen, HSLU<\/li>\n<li>Bachelor of Engineering \/ Bauingenieur, FH Burgdorf<\/li>\n<li>Dipl. Tiefbauzeichner<\/li>\n<\/ul>\n<p><strong>Qualifikationen<\/strong><\/p>\n<ul>\n<li>\u00dcber 20 Jahre berufliche T\u00e4tigkeit in der Leitung von Grossprojekten<\/li>\n<li>Implementierung von Nachhaltigkeitsaspekten in Grossprojekten<\/li>\n<li>Umfangreiche Kenntnis bauphysikalischer Disziplinen<\/li>\n<li>Umfangreiche Kenntnis im PQM (Projektbezogenes Qualit\u00e4tsmanagement am Bau)<\/li>\n<li>Langj\u00e4hrige Erfahrung in der Leitung von interdisziplin\u00e4ren Teams<\/li>\n<li>Experte im Fachbereich Bauphysik f\u00fcr W\u00e4rme- und Schallschutz<\/li>\n<li>Sprachen: Deutsch, Franz\u00f6sisch, Englisch.<\/li>\n<\/ul>\n<p><strong>Arbeitsmethodik<\/strong><\/p>\n<ul>\n<li>Strukturierte Vorgehensweise.<\/li>\n<li>Kreativ in der L\u00f6sungsfindung<\/li>\n<li>Motiviert und belastbar in der Herangehensweise an Herausforderungen\u200b<\/li>\n<\/ul>\n<p><strong>Berufliche T\u00e4tigkeiten\u200b<\/strong><\/p>\n<ul>\n<li>2023 Eintritt als Teilhaber in die Vistonia AG<\/li>\n<li>Vorher w\u00e4hrend \u00fcber 20 Jahren t\u00e4tig in einer national t\u00e4tigen Totalunternehmung. Insbesondere Bauingenieurwesen, Bauphysik und Nachhaltigkeit<\/li>\n<li>Seit Berufseintritt t\u00e4tig in der Baubranche<\/li>\n<\/ul>\n<\/div><\/div>\n\n<div class=\"et_pb_module et_pb_button_module_wrapper et_pb_button_0_wrapper\"><a class=\"et_pb_button_0 et_pb_button et_pb_bg_layout_light et_pb_module et_block_module\" href=\"https:\/\/vistonia.ch\/entreprise\/\">Zur\u00fcck<\/a><\/div>\n<\/div>\n<\/div>\n<\/div>","protected":false},"excerpt":{"rendered":"","protected":false},"author":1,"featured_media":839,"parent":0,"menu_order":0,"comment_status":"closed","ping_status":"closed","template":"","meta":{"footnotes":""},"class_list":["post-841","page","type-page","status-publish","has-post-thumbnail","hentry"],"_links":{"self":[{"href":"https:\/\/vistonia.ch\/de\/wp-json\/wp\/v2\/pages\/841","targetHints":{"allow":["GET"]}}],"collection":[{"href":"https:\/\/vistonia.ch\/de\/wp-json\/wp\/v2\/pages"}],"about":[{"href":"https:\/\/vistonia.ch\/de\/wp-json\/wp\/v2\/types\/page"}],"author":[{"embeddable":true,"href":"https:\/\/vistonia.ch\/de\/wp-json\/wp\/v2\/users\/1"}],"replies":[{"embeddable":true,"href":"https:\/\/vistonia.ch\/de\/wp-json\/wp\/v2\/comments?post=841"}],"version-history":[{"count":2,"href":"https:\/\/vistonia.ch\/de\/wp-json\/wp\/v2\/pages\/841\/revisions"}],"predecessor-version":[{"id":843,"href":"https:\/\/vistonia.ch\/de\/wp-json\/wp\/v2\/pages\/841\/revisions\/843"}],"wp:featuredmedia":[{"embeddable":true,"href":"https:\/\/vistonia.ch\/de\/wp-json\/wp\/v2\/media\/839"}],"wp:attachment":[{"href":"https:\/\/vistonia.ch\/de\/wp-json\/wp\/v2\/media?parent=841"}],"curies":[{"name":"wp","href":"https:\/\/api.w.org\/{rel}","templated":true}]}}