{"id":836,"date":"2026-03-25T12:57:22","date_gmt":"2026-03-25T11:57:22","guid":{"rendered":"https:\/\/vistonia.ch\/win-bertholet\/"},"modified":"2026-03-27T11:40:53","modified_gmt":"2026-03-27T10:40:53","slug":"win-bertholet","status":"publish","type":"page","link":"https:\/\/vistonia.ch\/de\/win-bertholet\/","title":{"rendered":"Win Bertholet"},"content":{"rendered":"<div class=\"et_pb_section_0 et_pb_section et_section_regular et_block_section\">\n<div class=\"et_pb_row_0 et_pb_row et_block_row\">\n<div class=\"et_pb_column_0 et_pb_column et_pb_column_4_4 et-last-child et_block_column et_pb_css_mix_blend_mode_passthrough\">\n<div class=\"et_pb_text_0 et_pb_text et_pb_bg_layout_light et_pb_module et_block_module text-citation\"><div class=\"et_pb_text_inner\"><p><em>\u00abMan muss das Unm\u00f6gliche versuchen, um das M\u00f6gliche zu erreichen.\u00bb<\/em><\/p>\n<\/div><\/div>\n\n<div class=\"et_pb_text_1 et_pb_text et_pb_bg_layout_light et_pb_module et_block_module\"><div class=\"et_pb_text_inner\"><p>Hermann Hesse<\/p>\n<\/div><\/div>\n<\/div>\n<\/div>\n<\/div>\n\n<div class=\"et_pb_section_1 et_pb_section et_section_regular et_block_section\" id=\"qui-sommes-nous\">\n<div class=\"et_pb_row_1 et_pb_row et_block_row\">\n<div class=\"et_pb_column_1 et_pb_column et_pb_column_4_4 et-last-child et_block_column et_pb_css_mix_blend_mode_passthrough\">\n<div class=\"et_pb_text_2 et_pb_text et_pb_bg_layout_light et_pb_module et_block_module custom-list\"><div class=\"et_pb_text_inner\"><p>Lebenslauf<\/p>\n<\/div><\/div>\n<\/div>\n<\/div>\n\n<div class=\"et_pb_row_2 et_pb_row et_flex_row\">\n<div class=\"et_pb_column_2 et_pb_column et_block_column et_pb_css_mix_blend_mode_passthrough et_flex_column_2_5 et_flex_column_2_5_tablet et_flex_column_24_24_phone\">\n<div class=\"et_pb_text_3 et_pb_text et_pb_bg_layout_light et_pb_module et_block_module title\"><div class=\"et_pb_text_inner\"><h1>Win Bertholet<\/h1>\n<\/div><\/div>\n\n<div class=\"et_pb_text_4 et_pb_text et_pb_bg_layout_light et_pb_module et_block_module text-cv\"><div class=\"et_pb_text_inner\"><p><em>Projektleiter<\/em><br \/><a href=\"tel:+41796211596\">+41 79 621 15 96<\/a><br \/><a href=\"mailto:win.bertholet@vistonia.ch\">win.bertholet@vistonia.ch<\/a><\/p>\n<\/div><\/div>\n<\/div>\n\n<div class=\"et_pb_column_3 et_pb_column et-last-child et_block_column et_pb_css_mix_blend_mode_passthrough et_flex_column_3_5 et_flex_column_3_5_tablet et_flex_column_24_24_phone\">\n<div class=\"et_pb_text_5 et_pb_text et_pb_bg_layout_light et_pb_module et_block_module text-cv\"><div class=\"et_pb_text_inner\"><p><strong>Ausbildung<\/strong><\/p>\n<ul>\n<li>Bsc Business Administration spec. Real Estate HSLU<\/li>\n<li>Assistent Liegenschaftsbuchhaltung und Immobilienbewirtschaftung SVIT<\/li>\n<li>EFZ Plattenleger<\/li>\n<\/ul>\n<p><strong>Qualifikationen<\/strong><\/p>\n<ul>\n<li>\u00dcber 10 Jahre berufliche Erfahrung in verschiedenen Positionen entlang des Lebenszyklus von Immobilien.<\/li>\n<li>Breites Fachwissen zu immobilientechnischen Fragestellungen.<\/li>\n<li>Nebst den Muttersprachen Deutsch und Franz\u00f6sisch verf\u00fcge ich \u00fcber gute Englischkenntnisse.<\/li>\n<\/ul>\n<p><strong>Arbeitsmethodik<\/strong><\/p>\n<ul>\n<li>Kreativ \u2013 ausgepr\u00e4gtes, vernetztes Denken zur konstruktiven L\u00f6sungsfindung \u00fcber konventionelle L\u00f6sungswege hinaus.<\/li>\n<li>Zuverl\u00e4ssig \u2013 Unternehmerische und analytische Arbeitsweise zur pflichtbewussten Erf\u00fcllung von Aufgaben.<\/li>\n<li>Engagiert \u2013 Ziele und Anforderungen durch kundenorientiertes Handeln zu erreichen steht f\u00fcr mich im Zentrum.<\/li>\n<\/ul>\n<p><strong>Berufliche T\u00e4tigkeiten<\/strong><\/p>\n<ul>\n<li>2021 Eintritt als Projektleiter in die Vistonia AG.<\/li>\n<li>Projektleiter Akquisition bei einer international t\u00e4tigen Total- und Generalunternehmung.<\/li>\n<li>Seit Berufseintritt t\u00e4tig in der Bau- und Immobilienbranche. Als Plattenleger auf der Baustelle, im Facility Management f\u00fcr High-End-Immobilien, als Assistent in der Immobilienbewirtschaftung sowie als Werkstudent in der Immobilienentwicklung.<\/li>\n<\/ul>\n<\/div><\/div>\n\n<div class=\"et_pb_module et_pb_button_module_wrapper et_pb_button_0_wrapper\"><a class=\"et_pb_button_0 et_pb_button et_pb_bg_layout_light et_pb_module et_block_module\" href=\"https:\/\/vistonia.ch\/entreprise\/\">Zur\u00fcck<\/a><\/div>\n<\/div>\n<\/div>\n<\/div>","protected":false},"excerpt":{"rendered":"","protected":false},"author":1,"featured_media":834,"parent":0,"menu_order":0,"comment_status":"closed","ping_status":"closed","template":"","meta":{"footnotes":""},"class_list":["post-836","page","type-page","status-publish","has-post-thumbnail","hentry"],"_links":{"self":[{"href":"https:\/\/vistonia.ch\/de\/wp-json\/wp\/v2\/pages\/836","targetHints":{"allow":["GET"]}}],"collection":[{"href":"https:\/\/vistonia.ch\/de\/wp-json\/wp\/v2\/pages"}],"about":[{"href":"https:\/\/vistonia.ch\/de\/wp-json\/wp\/v2\/types\/page"}],"author":[{"embeddable":true,"href":"https:\/\/vistonia.ch\/de\/wp-json\/wp\/v2\/users\/1"}],"replies":[{"embeddable":true,"href":"https:\/\/vistonia.ch\/de\/wp-json\/wp\/v2\/comments?post=836"}],"version-history":[{"count":2,"href":"https:\/\/vistonia.ch\/de\/wp-json\/wp\/v2\/pages\/836\/revisions"}],"predecessor-version":[{"id":838,"href":"https:\/\/vistonia.ch\/de\/wp-json\/wp\/v2\/pages\/836\/revisions\/838"}],"wp:featuredmedia":[{"embeddable":true,"href":"https:\/\/vistonia.ch\/de\/wp-json\/wp\/v2\/media\/834"}],"wp:attachment":[{"href":"https:\/\/vistonia.ch\/de\/wp-json\/wp\/v2\/media?parent=836"}],"curies":[{"name":"wp","href":"https:\/\/api.w.org\/{rel}","templated":true}]}}