{"id":814,"date":"2026-03-06T08:33:32","date_gmt":"2026-03-06T07:33:32","guid":{"rendered":"https:\/\/vistonia.ch\/carriere\/"},"modified":"2026-03-27T11:23:23","modified_gmt":"2026-03-27T10:23:23","slug":"carriere","status":"publish","type":"page","link":"https:\/\/vistonia.ch\/de\/karriere\/","title":{"rendered":"Karriere"},"content":{"rendered":"<div class=\"et_pb_section_0 et_pb_section et_section_regular et_block_section\">\n<div class=\"et_pb_row_0 et_pb_row et_block_row\">\n<div class=\"et_pb_column_0 et_pb_column et_pb_column_4_4 et-last-child et_block_column et_pb_css_mix_blend_mode_passthrough\">\n<div class=\"et_pb_text_0 et_pb_text et_pb_bg_layout_light et_pb_module et_block_module\"><div class=\"et_pb_text_inner\"><h1>Karriere<\/h1>\n<\/div><\/div>\n<\/div>\n<\/div>\n<\/div>\n\n<div class=\"et_pb_section_1 et_pb_section et_section_regular et_block_section\" id=\"qui-sommes-nous\">\n<div class=\"et_pb_row_1 et_pb_row et_block_row\">\n<div class=\"et_pb_column_1 et_pb_column et_pb_column_4_4 et-last-child et_block_column et_pb_css_mix_blend_mode_passthrough\">\n<div class=\"et_pb_text_1 et_pb_text et_pb_bg_layout_light et_pb_module et_block_module custom-list\"><div class=\"et_pb_text_inner\"><p>Eine Karriere bei Vistonia AG<\/p>\n<\/div><\/div>\n<\/div>\n<\/div>\n\n<div class=\"et_pb_row_2 et_pb_row et_flex_row\">\n<div class=\"et_pb_column_2 et_pb_column et_flex_column et_pb_css_mix_blend_mode_passthrough et_flex_column_12_24 et_flex_column_12_24_tablet et_flex_column_24_24_phone\">\n<div class=\"et_pb_text_2 et_pb_text et_pb_bg_layout_light et_pb_module et_block_module title\"><div class=\"et_pb_text_inner\"><h2>Gemeinsam den Erfolg gestalten: Das ist unsere Devise<\/h2>\n<\/div><\/div>\n<\/div>\n\n<div class=\"et_pb_column_3 et_pb_column et-last-child et_flex_column et_pb_css_mix_blend_mode_passthrough et_flex_column_12_24 et_flex_column_12_24_tablet et_flex_column_24_24_phone\">\n<div class=\"et_pb_text_3 et_pb_text et_pb_bg_layout_light et_pb_module et_block_module custom-list\"><div class=\"et_pb_text_inner\"><p style=\"text-align: justify;\"><strong>Der Mensch im Fokus: So denken wir nicht nur als Auftragnehmerin und Auftraggeberin, sondern auch als Arbeitgeberin. Mit Freude an H\u00f6chstleistung arbeiten wir gemeinsam am Erfolg unserer Kunden, unseres Teams und am eigenen als Individuum.<\/strong><\/p>\n<p style=\"text-align: justify;\">Dank flachen Hierarchien l\u00f6sen wir auch komplexe Herausforderungen effizient und k\u00f6nnen im Sinne unserer Gesch\u00e4ftspartner agil auf Bed\u00fcrfnisse eingehen. So bieten wir unseren aktuellen und zuk\u00fcnftigen Mitarbeitenden die M\u00f6glichkeit, durch Eigeninitiative und Engagement die Zukunft von Vistonia mitzugestalten. Mit zwei Standorten \u2013 einerseits im Liebefeld in Bern und andererseits in der Stadt Fribourg \u2013 schaffen wir nicht nur eine Br\u00fccke, sondern auch Arbeitspl\u00e4tze in zwei Sprach- und Kulturregionen.<\/p>\n<\/div><\/div>\n<\/div>\n<\/div>\n\n<div class=\"et_pb_row_3 et_pb_row et_block_row\">\n<div class=\"et_pb_column_4 et_pb_column et_pb_column_4_4 et-last-child et_block_column et_pb_css_mix_blend_mode_passthrough\">\n<div class=\"et_pb_text_4 et_pb_text et_pb_bg_layout_light et_pb_module et_block_module custom-list\"><div class=\"et_pb_text_inner\"><p>Jobs<\/p>\n<\/div><\/div>\n<\/div>\n<\/div>\n\n<div class=\"et_pb_row_4 et_pb_row et_flex_row\">\n<div class=\"et_pb_column_5 et_pb_column et_flex_column et_pb_css_mix_blend_mode_passthrough et_flex_column_12_24 et_flex_column_12_24_tablet et_flex_column_24_24_phone\">\n<div class=\"et_pb_text_5 et_pb_text et_pb_bg_layout_light et_pb_module et_block_module title\"><div class=\"et_pb_text_inner\"><h2>Stellenangebote<\/h2>\n<\/div><\/div>\n<\/div>\n\n<div class=\"et_pb_column_6 et_pb_column et-last-child et_flex_column et_pb_css_mix_blend_mode_passthrough et_flex_column_12_24 et_flex_column_12_24_tablet et_flex_column_24_24_phone\">\n<div class=\"et_pb_text_6 et_pb_text et_pb_bg_layout_light et_pb_module et_block_module custom-list\"><div class=\"et_pb_text_inner\"><p style=\"text-align: justify;\">F\u00fcr den gezielten Aufbau unserer jungen und dynamischen Unternehmung suchen wir verl\u00e4ssliche, flexible, vielseitige, effiziente und selbst\u00e4ndig agierende Pers\u00f6nlichkeiten mit Drive und Unternehmergeist.<\/p>\n<\/div><\/div>\n\n<div class=\"et_pb_group_0 et_pb_group et-last-child et_pb_module et_flex_group et_pb_css_mix_blend_mode_passthrough\">\n<div class=\"et_pb_text_7 et_pb_text et_pb_bg_layout_light et_pb_module et_block_module custom-list\"><div class=\"et_pb_text_inner\"><p><strong>Keine passende Stelle ausgeschrieben?<\/strong><br \/>Wir freuen uns auf Ihre Initialbewerbung.<\/p>\n<\/div><\/div>\n\n<div class=\"et_pb_module et_pb_button_module_wrapper et_pb_button_0_wrapper\"><a class=\"et_pb_button_0 et_pb_button et_pb_bg_layout_light et_pb_module et_flex_module\" href=\"mailto:info@vistonia.ch?subject=Initialbewerbung\">Initialbewerbung<\/a><\/div>\n<\/div>\n<\/div>\n<\/div>\n\n<div class=\"et_pb_row_5 et_pb_row et_block_row row_with-icons\">\n<div class=\"et_pb_column_7 et_pb_column et_pb_column_4_4 et-last-child et_flex_column et_pb_css_mix_blend_mode_passthrough\">\n<div class=\"et_pb_blurb_0 et_pb_blurb et_pb_bg_layout_light et_pb_blurb_position_top et_pb_module et_block_module module_icon\"><div class=\"et_pb_blurb_content\"><div class=\"et_pb_main_blurb_image\"><span class=\"et_pb_image_wrap et_pb_only_image_mode_wrap\"><img decoding=\"async\" src=\"https:\/\/vistonia.ch\/wp-content\/uploads\/2026\/03\/prives-copie.svg\" class=\"et-waypoint et_pb_animation_off et_pb_animation_off_tablet et_pb_animation_off_phone wp-image-777\" title=\"prives copie\" alt=\"Prives Copie\"><\/span><\/div><div class=\"et_pb_blurb_container\"><h3 class=\"et_pb_module_header\">Hybrides Arbeiten<\/h3><div class=\"et_pb_blurb_description\"><p>Den Arbeitsort flexibel w\u00e4hlen: Wir bieten unseren Mitarbeitenden die M\u00f6glichkeit, an einem unserer zwei Standorte oder im Homeoffice zu arbeiten.<\/p>\n<\/div><\/div><\/div><\/div>\n\n<div class=\"et_pb_blurb_1 et_pb_blurb et_pb_bg_layout_light et_pb_blurb_position_top et_pb_module et_block_module module_icon\"><div class=\"et_pb_blurb_content\"><div class=\"et_pb_main_blurb_image\"><span class=\"et_pb_image_wrap et_pb_only_image_mode_wrap\"><img decoding=\"async\" src=\"https:\/\/vistonia.ch\/wp-content\/uploads\/2026\/03\/prives-copie.svg\" class=\"et-waypoint et_pb_animation_off et_pb_animation_off_tablet et_pb_animation_off_phone wp-image-777\" title=\"prives copie\" alt=\"Prives Copie\"><\/span><\/div><div class=\"et_pb_blurb_container\"><h3 class=\"et_pb_module_header\">Arbeitszeitmodelle<\/h3><div class=\"et_pb_blurb_description\"><p>Ein Zeitmodell, das zur Lebenssituation passt: Bei uns entscheiden Sie, welches Zeitmodell am besten zu Ihrer Lebenssituation passt.<\/p>\n<\/div><\/div><\/div><\/div>\n\n<div class=\"et_pb_blurb_2 et_pb_blurb et_pb_bg_layout_light et_pb_text_align_left et_pb_blurb_position_top et_pb_module et_block_module module_icon\"><div class=\"et_pb_blurb_content\"><div class=\"et_pb_main_blurb_image\"><span class=\"et_pb_image_wrap et_pb_only_image_mode_wrap\"><img decoding=\"async\" src=\"https:\/\/vistonia.ch\/wp-content\/uploads\/2026\/03\/prives-copie.svg\" class=\"et-waypoint et_pb_animation_off et_pb_animation_off_tablet et_pb_animation_off_phone wp-image-777\" title=\"prives copie\" alt=\"Prives Copie\"><\/span><\/div><div class=\"et_pb_blurb_container\"><h3 class=\"et_pb_module_header\">Weiterentwicklung<\/h3><div class=\"et_pb_blurb_description\"><p>Bei uns werden Sie gef\u00f6rdert und gefordert: Gemeinsam wollen wir in jeder Hinsicht die Besten sein. Deshalb unterst\u00fctzen wir Sie gerne auch beim pers\u00f6nlichen Weiterkommen.<\/p>\n<\/div><\/div><\/div><\/div>\n\n<div class=\"et_pb_blurb_3 et_pb_blurb et_pb_bg_layout_light et_pb_blurb_position_top et_pb_module et_block_module module_icon\"><div class=\"et_pb_blurb_content\"><div class=\"et_pb_main_blurb_image\"><span class=\"et_pb_image_wrap et_pb_only_image_mode_wrap\"><img decoding=\"async\" src=\"https:\/\/vistonia.ch\/wp-content\/uploads\/2026\/03\/prives-copie.svg\" class=\"et-waypoint et_pb_animation_off et_pb_animation_off_tablet et_pb_animation_off_phone wp-image-777\" title=\"prives copie\" alt=\"Prives Copie\"><\/span><\/div><div class=\"et_pb_blurb_container\"><h3 class=\"et_pb_module_header\">Work-Life-Balance<\/h3><div class=\"et_pb_blurb_description\"><p>Unsere Branche und unsere Ziele erfordern \u00fcberdurchschnittliches Engagement, dessen sind wir uns bewusst: Umso wichtiger ist uns, dass unsere Mitarbeitende auch Raum und Zeit f\u00fcr Erholung finden.<\/p>\n<\/div><\/div><\/div><\/div>\n\n<div class=\"et_pb_blurb_4 et_pb_blurb et_pb_bg_layout_light et_pb_text_align_left et_pb_blurb_position_top et_pb_module et_block_module module_icon\"><div class=\"et_pb_blurb_content\"><div class=\"et_pb_main_blurb_image\"><span class=\"et_pb_image_wrap et_pb_only_image_mode_wrap\"><img decoding=\"async\" src=\"https:\/\/vistonia.ch\/wp-content\/uploads\/2026\/03\/prives-copie.svg\" class=\"et-waypoint et_pb_animation_off et_pb_animation_off_tablet et_pb_animation_off_phone wp-image-777\" title=\"prives copie\" alt=\"Prives Copie\"><\/span><\/div><div class=\"et_pb_blurb_container\"><h3 class=\"et_pb_module_header\">Und vieles mehr<\/h3><div class=\"et_pb_blurb_description\"><p>Ergonomische Arbeitspl\u00e4tze; Zuschuss an die Mobilit\u00e4t, kostenfreie Getr\u00e4nke; Teamevents; Networkingevents; leistungsorientierte Pr\u00e4mien; 6 Wochen bezahlte Ferien; zus\u00e4tzlicher, unbezahlter Urlaub und mehr.<\/p>\n<\/div><\/div><\/div><\/div>\n<\/div>\n<\/div>\n\n<div class=\"et_pb_row_6 et_pb_row et_flex_row\">\n<div class=\"et_pb_column_8 et_pb_column et-last-child et_flex_column et_pb_css_mix_blend_mode_passthrough et_flex_column_24_24 et_flex_column_24_24_tablet et_flex_column_24_24_phone\">\n<div class=\"et_pb_text_8 et_pb_text et_pb_bg_layout_light et_pb_module et_block_module custom-list\"><div class=\"et_pb_text_inner\"><p>Kontakt<\/p>\n<\/div><\/div>\n\n<div class=\"et_pb_text_9 et_pb_text et_pb_bg_layout_light et_pb_module et_block_module title\"><div class=\"et_pb_text_inner\"><h2>Kontaktieren Sie uns.<br \/><span style=\"color: #a59e97;\">Wir freuen uns auf Sie.<\/span><\/h2>\n<\/div><\/div>\n<\/div>\n<\/div>\n\n<div class=\"et_pb_row_7 et_pb_row et_block_row row_with-icons\">\n<div class=\"et_pb_column_9 et_pb_column et_pb_column_4_4 et-last-child et_flex_column et_pb_css_mix_blend_mode_passthrough\">\n<div class=\"et_pb_blurb_5 et_pb_blurb et_pb_bg_layout_light et_pb_text_align_left et_pb_blurb_position_top et_clickable et_pb_module et_block_module module_person\"><div class=\"et_pb_blurb_content\"><div class=\"et_pb_main_blurb_image\"><span class=\"et_pb_image_wrap et_pb_only_image_mode_wrap\"><img loading=\"lazy\" decoding=\"async\" src=\"https:\/\/vistonia.ch\/wp-content\/uploads\/2026\/03\/giancarlo-perotto.jpg\" alt=\"Giancarlo Perotto\" width=\"1500\" height=\"1975\" srcset=\"https:\/\/vistonia.ch\/wp-content\/uploads\/2026\/03\/giancarlo-perotto.jpg 1500w, https:\/\/vistonia.ch\/wp-content\/uploads\/2026\/03\/giancarlo-perotto-1280x1685.jpg 1280w, https:\/\/vistonia.ch\/wp-content\/uploads\/2026\/03\/giancarlo-perotto-980x1290.jpg 980w, https:\/\/vistonia.ch\/wp-content\/uploads\/2026\/03\/giancarlo-perotto-480x632.jpg 480w\" sizes=\"(min-width: 0px) and (max-width: 480px) 480px, (min-width: 481px) and (max-width: 980px) 980px, (min-width: 981px) and (max-width: 1280px) 1280px, (min-width: 1281px) 1500px, 100vw\" class=\"et-waypoint et_pb_animation_off et_pb_animation_off_tablet et_pb_animation_off_phone wp-image-222\" title=\"Giancarlo Perotto\" \/><\/span><\/div><div class=\"et_pb_blurb_container\"><h3 class=\"et_pb_module_header\">Giancarlo Perotto<\/h3><div class=\"et_pb_blurb_description\"><p><em>Gr\u00fcnder und Teilhaber<\/em><br \/><a href=\"tel:+41794437686\">+41 79 443 76 86<\/a><br \/><a href=\"mailto:giancarlo.perotto@vistonia.ch\">giancarlo.perotto@vistonia.ch<\/a><\/p>\n<p><a href=\"https:\/\/www.linkedin.com\/in\/giancarlo-perotto-60289815b\/\" target=\"_blank\" rel=\"noopener\"><img loading=\"lazy\" decoding=\"async\" src=\"https:\/\/vistonia.ch\/wp-content\/uploads\/2026\/03\/linkedin-1.svg\" width=\"38\" height=\"38\" alt=\"LinkedIn\" class=\"wp-image-81 alignnone size-full\" title=\"Karriere\"><\/a><\/p>\n<\/div><\/div><\/div><\/div>\n\n<div class=\"et_pb_blurb_6 et_pb_blurb et_pb_bg_layout_light et_pb_text_align_left et_pb_blurb_position_top et_clickable et_pb_module et_block_module module_person\"><div class=\"et_pb_blurb_content\"><div class=\"et_pb_main_blurb_image\"><span class=\"et_pb_image_wrap et_pb_only_image_mode_wrap\"><img loading=\"lazy\" decoding=\"async\" src=\"https:\/\/vistonia.ch\/wp-content\/uploads\/2026\/03\/stefan-liechti.jpg\" width=\"1500\" height=\"1975\" srcset=\"https:\/\/vistonia.ch\/wp-content\/uploads\/2026\/03\/stefan-liechti.jpg 1500w, https:\/\/vistonia.ch\/wp-content\/uploads\/2026\/03\/stefan-liechti-1280x1685.jpg 1280w, https:\/\/vistonia.ch\/wp-content\/uploads\/2026\/03\/stefan-liechti-980x1290.jpg 980w, https:\/\/vistonia.ch\/wp-content\/uploads\/2026\/03\/stefan-liechti-480x632.jpg 480w\" sizes=\"(min-width: 0px) and (max-width: 480px) 480px, (min-width: 481px) and (max-width: 980px) 980px, (min-width: 981px) and (max-width: 1280px) 1280px, (min-width: 1281px) 1500px, 100vw\" class=\"et-waypoint et_pb_animation_off et_pb_animation_off_tablet et_pb_animation_off_phone wp-image-248\" title=\"stefan-liechti\" alt=\"Giancarlo Perotto\" \/><\/span><\/div><div class=\"et_pb_blurb_container\"><h3 class=\"et_pb_module_header\">Stefan Liechti<\/h3><div class=\"et_pb_blurb_description\"><p><em>Teilhaber<\/em><br \/><a href=\"tel:+41797922769\">+41 79 792 27 69<\/a><br \/><a href=\"mailto:stefan.liechti@vistonia.ch\">stefan.liechti@vistonia.ch<\/a><\/p>\n<p><a href=\"https:\/\/www.linkedin.com\/in\/stefan-liechti-2a5174205\/\" target=\"_blank\" rel=\"noopener\"><img loading=\"lazy\" decoding=\"async\" src=\"https:\/\/vistonia.ch\/wp-content\/uploads\/2026\/03\/linkedin-1.svg\" width=\"38\" height=\"38\" alt=\"LinkedIn\" class=\"wp-image-81 alignnone size-full\" title=\"Karriere\"><\/a><\/p>\n<\/div><\/div><\/div><\/div>\n\n<div class=\"et_pb_blurb_7 et_pb_blurb et_pb_bg_layout_light et_pb_text_align_left et_pb_blurb_position_top et_clickable et_pb_module et_block_module module_person\"><div class=\"et_pb_blurb_content\"><div class=\"et_pb_main_blurb_image\"><span class=\"et_pb_image_wrap et_pb_only_image_mode_wrap\"><img loading=\"lazy\" decoding=\"async\" src=\"https:\/\/vistonia.ch\/wp-content\/uploads\/2026\/03\/thomas-heiter.jpg\" alt=\"Thomas Heiter\" width=\"1500\" height=\"1975\" srcset=\"https:\/\/vistonia.ch\/wp-content\/uploads\/2026\/03\/thomas-heiter.jpg 1500w, https:\/\/vistonia.ch\/wp-content\/uploads\/2026\/03\/thomas-heiter-1280x1685.jpg 1280w, https:\/\/vistonia.ch\/wp-content\/uploads\/2026\/03\/thomas-heiter-980x1290.jpg 980w, https:\/\/vistonia.ch\/wp-content\/uploads\/2026\/03\/thomas-heiter-480x632.jpg 480w\" sizes=\"(min-width: 0px) and (max-width: 480px) 480px, (min-width: 481px) and (max-width: 980px) 980px, (min-width: 981px) and (max-width: 1280px) 1280px, (min-width: 1281px) 1500px, 100vw\" class=\"et-waypoint et_pb_animation_off et_pb_animation_off_tablet et_pb_animation_off_phone wp-image-265\" title=\"Thomas Heiter\" \/><\/span><\/div><div class=\"et_pb_blurb_container\"><h3 class=\"et_pb_module_header\">Thomas Heiter<\/h3><div class=\"et_pb_blurb_description\"><p><em>Teilhaber<\/em><br \/><a href=\"tel:+41796989635\">+41 79 698 96 35<\/a><br \/><a href=\"mailto:thomas.heiter@vistonia.ch\">thomas.heiter@vistonia.ch<\/a><\/p>\n<p><a href=\"https:\/\/www.linkedin.com\/in\/thomas-heiter\/\" target=\"_blank\" rel=\"noopener\"><img loading=\"lazy\" decoding=\"async\" src=\"https:\/\/vistonia.ch\/wp-content\/uploads\/2026\/03\/linkedin-1.svg\" width=\"38\" height=\"38\" alt=\"LinkedIn\" class=\"wp-image-81 alignnone size-full\" title=\"Karriere\"><\/a><\/p>\n<\/div><\/div><\/div><\/div>\n<\/div>\n<\/div>\n<\/div>","protected":false},"excerpt":{"rendered":"","protected":false},"author":1,"featured_media":0,"parent":0,"menu_order":0,"comment_status":"closed","ping_status":"closed","template":"","meta":{"footnotes":""},"class_list":["post-814","page","type-page","status-publish","hentry"],"_links":{"self":[{"href":"https:\/\/vistonia.ch\/de\/wp-json\/wp\/v2\/pages\/814","targetHints":{"allow":["GET"]}}],"collection":[{"href":"https:\/\/vistonia.ch\/de\/wp-json\/wp\/v2\/pages"}],"about":[{"href":"https:\/\/vistonia.ch\/de\/wp-json\/wp\/v2\/types\/page"}],"author":[{"embeddable":true,"href":"https:\/\/vistonia.ch\/de\/wp-json\/wp\/v2\/users\/1"}],"replies":[{"embeddable":true,"href":"https:\/\/vistonia.ch\/de\/wp-json\/wp\/v2\/comments?post=814"}],"version-history":[{"count":3,"href":"https:\/\/vistonia.ch\/de\/wp-json\/wp\/v2\/pages\/814\/revisions"}],"predecessor-version":[{"id":817,"href":"https:\/\/vistonia.ch\/de\/wp-json\/wp\/v2\/pages\/814\/revisions\/817"}],"wp:attachment":[{"href":"https:\/\/vistonia.ch\/de\/wp-json\/wp\/v2\/media?parent=814"}],"curies":[{"name":"wp","href":"https:\/\/api.w.org\/{rel}","templated":true}]}}