{"id":761,"date":"2026-03-25T14:12:55","date_gmt":"2026-03-25T13:12:55","guid":{"rendered":"https:\/\/vistonia.ch\/blaise-fontana\/"},"modified":"2026-03-27T08:50:33","modified_gmt":"2026-03-27T07:50:33","slug":"blaise-fontana","status":"publish","type":"page","link":"https:\/\/vistonia.ch\/de\/blaise-fontana\/","title":{"rendered":"Blaise Fontana"},"content":{"rendered":"<div class=\"et_pb_section_0 et_pb_section et_section_regular et_block_section\">\n<div class=\"et_pb_row_0 et_pb_row et_block_row\">\n<div class=\"et_pb_column_0 et_pb_column et_pb_column_4_4 et-last-child et_block_column et_pb_css_mix_blend_mode_passthrough\">\n<div class=\"et_pb_text_0 et_pb_text et_pb_bg_layout_light et_pb_module et_block_module text-citation\"><div class=\"et_pb_text_inner\"><p><em>\u00abEinfachheit ist die h\u00f6chste Stufe der Vollendung.\u00bb<\/em><\/p>\n<\/div><\/div>\n\n<div class=\"et_pb_text_1 et_pb_text et_pb_bg_layout_light et_pb_module et_block_module\"><div class=\"et_pb_text_inner\"><p>Leonardo da Vinci<\/p>\n<\/div><\/div>\n<\/div>\n<\/div>\n<\/div>\n\n<div class=\"et_pb_section_1 et_pb_section et_section_regular et_block_section\" id=\"qui-sommes-nous\">\n<div class=\"et_pb_row_1 et_pb_row et_block_row\">\n<div class=\"et_pb_column_1 et_pb_column et_pb_column_4_4 et-last-child et_block_column et_pb_css_mix_blend_mode_passthrough\">\n<div class=\"et_pb_text_2 et_pb_text et_pb_bg_layout_light et_pb_module et_block_module custom-list\"><div class=\"et_pb_text_inner\"><p>Lebenslauf<\/p>\n<\/div><\/div>\n<\/div>\n<\/div>\n\n<div class=\"et_pb_row_2 et_pb_row et_flex_row\">\n<div class=\"et_pb_column_2 et_pb_column et_block_column et_pb_css_mix_blend_mode_passthrough et_flex_column_2_5 et_flex_column_2_5_tablet et_flex_column_24_24_phone\">\n<div class=\"et_pb_text_3 et_pb_text et_pb_bg_layout_light et_pb_module et_block_module title\"><div class=\"et_pb_text_inner\"><h1>Blaise Fontana<\/h1>\n<\/div><\/div>\n\n<div class=\"et_pb_text_4 et_pb_text et_pb_bg_layout_light et_pb_module et_block_module text-cv\"><div class=\"et_pb_text_inner\"><p><em>Freier Mitarbeiter<\/em><br \/><a href=\"tel:+41793499981\">+41 79 349 99 81<\/a><br \/><a href=\"mailto:blaise.fontana@vistonia.ch\">blaise.fontana@vistonia.ch<\/a><\/p>\n<p><a href=\"https:\/\/www.linkedin.com\/in\/blaise-fontana-897851186\/\" target=\"_blank\" rel=\"noopener\"><img loading=\"lazy\" decoding=\"async\" src=\"https:\/\/vistonia.ch\/wp-content\/uploads\/2026\/03\/linkedin-brown.svg\" width=\"38\" height=\"38\" alt=\"Linkedin Brown\" class=\"wp-image-109 alignnone size-full\" title=\"Blaise Fontana\"><\/a><\/p>\n<\/div><\/div>\n<\/div>\n\n<div class=\"et_pb_column_3 et_pb_column et-last-child et_block_column et_pb_css_mix_blend_mode_passthrough et_flex_column_3_5 et_flex_column_3_5_tablet et_flex_column_24_24_phone\">\n<div class=\"et_pb_text_5 et_pb_text et_pb_bg_layout_light et_pb_module et_block_module text-cv\"><div class=\"et_pb_text_inner\"><p><strong>Ausbildung<\/strong><\/p>\n<ul>\n<li>Ausbildung in Innenarchitektur und Design in der Agentur Philippe Starck, Paris<\/li>\n<li>Designer FH der Hochschule der angewandten K\u00fcnste in Genf und La Chaux-de-Fonds in Industriedesign<\/li>\n<li>Lehren als Spengler und Sanit\u00e4rinstallateur mit EFZ und technischer Maturit\u00e4t<\/li>\n<\/ul>\n<p><strong>Qualifikationen<\/strong><\/p>\n<ul>\n<li>Mehr als 10 Jahre Berufst\u00e4tigkeit in der Immobilienbranche, Vertretung von Bauherren, Gesamtleitung der Projektentwicklung<\/li>\n<li>Breites nationales und internationales Netzwerk<\/li>\n<li>Sprachen: Franz\u00f6sisch, Deutsch, Englisch, Spanisch<\/li>\n<\/ul>\n<p><strong>Arbeitsmethodik<\/strong><\/p>\n<ul>\n<li>Leidenschaft f\u00fcr alle Phasen des kreativen Prozesses von der Konzeption einer Idee bis zur Umsetzung auf der Baustelle<\/li>\n<li>Grosse Anpassungsf\u00e4higkeit in Bezug auf die spezifischen Bed\u00fcrfnisse des Kunden und des Mandats<\/li>\n<li>Kritische Analyse der Herausforderungen und M\u00f6glichkeiten, um die geeignete L\u00f6sung f\u00fcr das Projekt zu erarbeiten<\/li>\n<\/ul>\n<p><strong>Berufliche T\u00e4tigkeiten\u200b<\/strong><\/p>\n<ul>\n<li>Oktober 2022, Eintritt als Projektleiter in die Vistonia AG<\/li>\n<li>verschiedene Projekte, unter anderem:<br \/>Projekt: Westschweizer Kompetenzzentrum f\u00fcr B\u00e4cker-Konditor-Confiseur-Handwerker<br \/>Projekt: Wohnquartier bestehend aus 6 Geb\u00e4uden (191 Wohnungen)<\/li>\n<li>Seit 2019 Gesch\u00e4ftsf\u00fchrer der Agentur Parallel Design GmbH<\/li>\n<li>Projektleiter zahlreicher massgeschneiderter Bauwerke: B\u00fcrodienstleistung, Gesundheitswesen, Detailhandel, Wohnungsbau<\/li>\n<\/ul>\n<\/div><\/div>\n\n<div class=\"et_pb_module et_pb_button_module_wrapper et_pb_button_0_wrapper\"><a class=\"et_pb_button_0 et_pb_button et_pb_bg_layout_light et_pb_module et_block_module\" href=\"https:\/\/vistonia.ch\/entreprise\/\">Zur\u00fcck<\/a><\/div>\n<\/div>\n<\/div>\n<\/div>","protected":false},"excerpt":{"rendered":"","protected":false},"author":1,"featured_media":759,"parent":0,"menu_order":0,"comment_status":"closed","ping_status":"closed","template":"","meta":{"footnotes":""},"class_list":["post-761","page","type-page","status-publish","has-post-thumbnail","hentry"],"_links":{"self":[{"href":"https:\/\/vistonia.ch\/de\/wp-json\/wp\/v2\/pages\/761","targetHints":{"allow":["GET"]}}],"collection":[{"href":"https:\/\/vistonia.ch\/de\/wp-json\/wp\/v2\/pages"}],"about":[{"href":"https:\/\/vistonia.ch\/de\/wp-json\/wp\/v2\/types\/page"}],"author":[{"embeddable":true,"href":"https:\/\/vistonia.ch\/de\/wp-json\/wp\/v2\/users\/1"}],"replies":[{"embeddable":true,"href":"https:\/\/vistonia.ch\/de\/wp-json\/wp\/v2\/comments?post=761"}],"version-history":[{"count":2,"href":"https:\/\/vistonia.ch\/de\/wp-json\/wp\/v2\/pages\/761\/revisions"}],"predecessor-version":[{"id":763,"href":"https:\/\/vistonia.ch\/de\/wp-json\/wp\/v2\/pages\/761\/revisions\/763"}],"wp:featuredmedia":[{"embeddable":true,"href":"https:\/\/vistonia.ch\/de\/wp-json\/wp\/v2\/media\/759"}],"wp:attachment":[{"href":"https:\/\/vistonia.ch\/de\/wp-json\/wp\/v2\/media?parent=761"}],"curies":[{"name":"wp","href":"https:\/\/api.w.org\/{rel}","templated":true}]}}