{"id":1244,"date":"2026-03-26T21:23:24","date_gmt":"2026-03-26T20:23:24","guid":{"rendered":"https:\/\/vistonia.ch\/communication\/chantier\/"},"modified":"2026-03-29T23:43:50","modified_gmt":"2026-03-29T21:43:50","slug":"chantier","status":"publish","type":"page","link":"https:\/\/vistonia.ch\/de\/kommunikation\/baustelle\/","title":{"rendered":"Baustelle"},"content":{"rendered":"<div class=\"et_pb_section_0 et_pb_section et_section_regular et_block_section\" id=\"qui-sommes-nous\">\n<div class=\"et_pb_row_0 et_pb_row et_block_row\">\n<div class=\"et_pb_column_0 et_pb_column et_pb_column_4_4 et-last-child et_block_column et_pb_css_mix_blend_mode_passthrough\">\n<div class=\"et_pb_text_0 et_pb_text et_pb_bg_layout_light et_pb_module et_block_module custom-list\"><div class=\"et_pb_text_inner\"><p><a href=\"\/de\/kommunikation\/\">Kommunikation<\/a><\/p>\n<\/div><\/div>\n<\/div>\n<\/div>\n\n<div class=\"et_pb_row_1 et_pb_row et_flex_row\">\n<div class=\"et_pb_column_1 et_pb_column et_block_column et_pb_css_mix_blend_mode_passthrough et_flex_column_2_5 et_flex_column_2_5_tablet et_flex_column_24_24_phone\">\n<div class=\"et_pb_post_title_0 et_pb_post_title et_pb_bg_layout_light et_pb_module et_block_module\"><div class=\"et_pb_title_container\"><h1 class=\"entry-title\">Baustelle<\/h1><\/div><\/div>\n<\/div>\n\n<div class=\"et_pb_column_2 et_pb_column et-last-child et_block_column et_pb_css_mix_blend_mode_passthrough et_flex_column_3_5 et_flex_column_3_5_tablet et_flex_column_24_24_phone\">\n<div class=\"et_pb_text_1 et_pb_text et_pb_bg_layout_light et_pb_module et_block_module text-cv\"><div class=\"et_pb_text_inner\"><p><strong>Kommunikation rund um die Baustelle \/ Veranstaltungen<\/strong><\/p>\n<p><strong>Ziele<\/strong><\/p>\n<ul>\n<li>Aufrechterhaltung der Zustimmung und des Vertrauens w\u00e4hrend der Umsetzung<\/li>\n<li>Den Erfolg hervorheben<\/li>\n<li>Aus den Erfahrungen Kapital schlagen<\/li>\n<\/ul>\n<p><strong>Leistungen Vistonia<\/strong><\/p>\n<ul>\n<li>Ausarbeitung eines Kommunikationsplans f\u00fcr die Baustelle<\/li>\n<li>Festlegung der Kommunikationsmittel f\u00fcr die Baustelle (Tafeln, Beschilderung usw.) und deren Inhalt (Realisierung durch einen Drittanbieter)<\/li>\n<li>Definition und Erstellung von Instrumenten f\u00fcr die regelm\u00e4ssige Information (digitale und physische Kan\u00e4le) und deren Inhalte (Portfolios) (Realisierung durch einen Drittanbieter)<\/li>\n<li>Organisation und Management von Baustellenveranstaltungen (Baubeginn, Grundsteinlegung, Tage der offenen T\u00fcr, Pressebesichtigungen, Einweihungen usw.)<\/li>\n<li>Ausarbeitung und Verfassen des abschliessenden Storytelling: \u201eFrom Vision to Stone\u201d<\/li>\n<\/ul>\n<p><strong>Drittleistungen *<\/strong><\/p>\n<ul>\n<li>Grafische Gestaltung der Kommunikationsmittel f\u00fcr die Baustelle (Schilder, Beschilderung usw.) und der regelm\u00e4ssigen Informationen (digitale Kan\u00e4le, Portfolio usw.)<\/li>\n<\/ul>\n<\/div><\/div>\n\n<div class=\"et_pb_text_2 et_pb_text et_pb_bg_layout_light et_pb_module et_block_module text-cv\"><div class=\"et_pb_text_inner\"><p>* Vistonia verwaltet die Erstellung der Inhalte und kann f\u00fcr die grafische Umsetzung seiner Dienstleistungen Dritte vorschlagen, die nach denselben Qualit\u00e4tsstandards arbeiten<\/p>\n<\/div><\/div>\n<\/div>\n<\/div>\n<\/div>\n\n<div class=\"et_pb_section_1 et_pb_section et_section_regular et_flex_section\">\n<div class=\"et_pb_row_2 et_pb_row et_block_row row_benefits three\">\n<div class=\"et_pb_column_3 et_pb_column et_pb_column_4_4 et-last-child et_flex_column et_pb_css_mix_blend_mode_passthrough\">\n<div class=\"et_pb_blurb_0 et_pb_blurb et_pb_bg_layout_light et_pb_text_align_center et_pb_blurb_position_top et_pb_module et_block_module module_icon\"><div class=\"et_pb_blurb_content\"><div class=\"et_pb_main_blurb_image\"><span class=\"et_pb_image_wrap et_pb_only_image_mode_wrap\"><img decoding=\"async\" src=\"https:\/\/vistonia.ch\/wp-content\/uploads\/2026\/03\/premium.svg\" class=\"wp-image-1075\" title=\"premium\" alt=\"Premium\"><\/span><\/div><div class=\"et_pb_blurb_container\"><h3 class=\"et_pb_module_header\">Kontinuit\u00e4t des guten Rufs<\/h3><\/div><\/div><\/div>\n\n<div class=\"et_pb_blurb_1 et_pb_blurb et_pb_bg_layout_light et_pb_text_align_center et_pb_blurb_position_top et_pb_module et_block_module module_icon\"><div class=\"et_pb_blurb_content\"><div class=\"et_pb_main_blurb_image\"><span class=\"et_pb_image_wrap et_pb_only_image_mode_wrap\"><img decoding=\"async\" src=\"https:\/\/vistonia.ch\/wp-content\/uploads\/2026\/03\/serrage-mains-partenaires.svg\" class=\"wp-image-1054\" title=\"serrage-mains-partenaires\" alt=\"Serrage Mains Partenaires\"><\/span><\/div><div class=\"et_pb_blurb_container\"><h3 class=\"et_pb_module_header\">Gest\u00e4rktes Vertrauen<\/h3><\/div><\/div><\/div>\n<\/div>\n<\/div>\n<\/div>\n\n","protected":false},"excerpt":{"rendered":"","protected":false},"author":1,"featured_media":0,"parent":1109,"menu_order":0,"comment_status":"closed","ping_status":"closed","template":"","meta":{"footnotes":""},"class_list":["post-1244","page","type-page","status-publish","hentry"],"_links":{"self":[{"href":"https:\/\/vistonia.ch\/de\/wp-json\/wp\/v2\/pages\/1244","targetHints":{"allow":["GET"]}}],"collection":[{"href":"https:\/\/vistonia.ch\/de\/wp-json\/wp\/v2\/pages"}],"about":[{"href":"https:\/\/vistonia.ch\/de\/wp-json\/wp\/v2\/types\/page"}],"author":[{"embeddable":true,"href":"https:\/\/vistonia.ch\/de\/wp-json\/wp\/v2\/users\/1"}],"replies":[{"embeddable":true,"href":"https:\/\/vistonia.ch\/de\/wp-json\/wp\/v2\/comments?post=1244"}],"version-history":[{"count":3,"href":"https:\/\/vistonia.ch\/de\/wp-json\/wp\/v2\/pages\/1244\/revisions"}],"predecessor-version":[{"id":1247,"href":"https:\/\/vistonia.ch\/de\/wp-json\/wp\/v2\/pages\/1244\/revisions\/1247"}],"up":[{"embeddable":true,"href":"https:\/\/vistonia.ch\/de\/wp-json\/wp\/v2\/pages\/1109"}],"wp:attachment":[{"href":"https:\/\/vistonia.ch\/de\/wp-json\/wp\/v2\/media?parent=1244"}],"curies":[{"name":"wp","href":"https:\/\/api.w.org\/{rel}","templated":true}]}}