{"id":1238,"date":"2026-03-26T21:19:46","date_gmt":"2026-03-26T20:19:46","guid":{"rendered":"https:\/\/vistonia.ch\/communication\/visibilite\/"},"modified":"2026-03-29T23:23:49","modified_gmt":"2026-03-29T21:23:49","slug":"visibilite","status":"publish","type":"page","link":"https:\/\/vistonia.ch\/de\/kommunikation\/sichtbarkeit\/","title":{"rendered":"Sichtbarkeit"},"content":{"rendered":"<div class=\"et_pb_section_0 et_pb_section et_section_regular et_block_section\" id=\"qui-sommes-nous\">\n<div class=\"et_pb_row_0 et_pb_row et_block_row\">\n<div class=\"et_pb_column_0 et_pb_column et_pb_column_4_4 et-last-child et_block_column et_pb_css_mix_blend_mode_passthrough\">\n<div class=\"et_pb_text_0 et_pb_text et_pb_bg_layout_light et_pb_module et_block_module custom-list\"><div class=\"et_pb_text_inner\"><p><a href=\"\/de\/kommunikation\/\">Kommunikation<\/a><\/p>\n<\/div><\/div>\n<\/div>\n<\/div>\n\n<div class=\"et_pb_row_1 et_pb_row et_flex_row\">\n<div class=\"et_pb_column_1 et_pb_column et_block_column et_pb_css_mix_blend_mode_passthrough et_flex_column_2_5 et_flex_column_2_5_tablet et_flex_column_24_24_phone\">\n<div class=\"et_pb_post_title_0 et_pb_post_title et_pb_bg_layout_light et_pb_module et_block_module\"><div class=\"et_pb_title_container\"><h1 class=\"entry-title\">Sichtbarkeit<\/h1><\/div><\/div>\n<\/div>\n\n<div class=\"et_pb_column_2 et_pb_column et-last-child et_block_column et_pb_css_mix_blend_mode_passthrough et_flex_column_3_5 et_flex_column_3_5_tablet et_flex_column_24_24_phone\">\n<div class=\"et_pb_text_1 et_pb_text et_pb_bg_layout_light et_pb_module et_block_module text-cv\"><div class=\"et_pb_text_inner\"><p><strong>Proaktive Kommunikation, Medienmanagement und Lobbying<\/strong><\/p>\n<p><strong>Ziele<\/strong><\/p>\n<ul>\n<li>Einrichtung einer proaktiven Kommunikation<\/li>\n<li>Zusammenf\u00fchrung und Erl\u00e4uterung der Herausforderungen gegen\u00fcber den Interessengruppen und der \u00d6ffentlichkeit<\/li>\n<li>St\u00e4rkung der Akzeptanz und F\u00f6rderung der politischen und \u00f6ffentlichen Zustimmung<\/li>\n<\/ul>\n<p><strong>Leistungen Vistonia<\/strong><\/p>\n<ul>\n<li>Ausarbeitung eines strategischen Lobbying-Plans f\u00fcr Beh\u00f6rden, Entscheidungstr\u00e4ger und Medien<\/li>\n<li>Ausarbeitung, Verfassen und Versand von Newslettern und gezielten Pressemitteilungen<\/li>\n<li>Ausarbeitung und Verfassen von Pr\u00e4sentationsunterlagen (politische Treffen, Investoren, Anwohner)<\/li>\n<li>Ausarbeitung und Verfassen von Unterlagen f\u00fcr Studienkreditantr\u00e4ge \/ Wettbewerbe \/ Investitionen<\/li>\n<li>Definition der Kommunikationsmittel (Website, soziale Netzwerke, Film, Fotos, Informationsbrosch\u00fcren, Illustrationen usw.) und ihrer Inhalte (Realisierung durch einen Drittanbieter)<\/li>\n<li>Proaktives Management von Stakeholdern und \u00f6ffentlichen Akteuren<\/li>\n<li>Organisation und Moderation von Informationsveranstaltungen, \u00f6ffentlichen Konsultationen usw.<\/li>\n<li>Management der Pressearbeit, Vorbereitung und Management von Pressekonferenzen und institutionellen Stellungnahmen mit Mediencoaching<\/li>\n<\/ul>\n<p><strong>Drittleistungen *<\/strong><\/p>\n<ul>\n<li>Grafische Umsetzung der Kommunikationsmittel (Website, soziale Netzwerke, Film, Illustrationen usw.)<\/li>\n<\/ul>\n<\/div><\/div>\n\n<div class=\"et_pb_text_2 et_pb_text et_pb_bg_layout_light et_pb_module et_block_module text-cv\"><div class=\"et_pb_text_inner\"><p>* Vistonia verwaltet die Erstellung der Inhalte und kann f\u00fcr die grafische Umsetzung seiner Dienstleistungen Dritte vorschlagen, die nach denselben Qualit\u00e4tsstandards arbeiten<\/p>\n<\/div><\/div>\n<\/div>\n<\/div>\n<\/div>\n\n<div class=\"et_pb_section_1 et_pb_section et_section_regular et_flex_section\">\n<div class=\"et_pb_row_2 et_pb_row et_block_row row_benefits three\">\n<div class=\"et_pb_column_3 et_pb_column et_pb_column_4_4 et-last-child et_flex_column et_pb_css_mix_blend_mode_passthrough\">\n<div class=\"et_pb_blurb_0 et_pb_blurb et_pb_bg_layout_light et_pb_text_align_center et_pb_blurb_position_top et_pb_module et_block_module module_icon\"><div class=\"et_pb_blurb_content\"><div class=\"et_pb_main_blurb_image\"><span class=\"et_pb_image_wrap et_pb_only_image_mode_wrap\"><img decoding=\"async\" src=\"https:\/\/vistonia.ch\/wp-content\/uploads\/2026\/03\/maison-courbe.svg\" class=\"wp-image-1007\" title=\"maison-courbe\" alt=\"Maison Courbe\"><\/span><\/div><div class=\"et_pb_blurb_container\"><h3 class=\"et_pb_module_header\">Gest\u00e4rkte Bekanntheit und Glaubw\u00fcrdigkeit<\/h3><\/div><\/div><\/div>\n\n<div class=\"et_pb_blurb_1 et_pb_blurb et_pb_bg_layout_light et_pb_text_align_center et_pb_blurb_position_top et_pb_module et_block_module module_icon\"><div class=\"et_pb_blurb_content\"><div class=\"et_pb_main_blurb_image\"><span class=\"et_pb_image_wrap et_pb_only_image_mode_wrap\"><img decoding=\"async\" src=\"https:\/\/vistonia.ch\/wp-content\/uploads\/2026\/03\/vendeur-projet.svg\" class=\"wp-image-1009\" title=\"vendeur-projet\" alt=\"Vendeur Projet\"><\/span><\/div><div class=\"et_pb_blurb_container\"><h3 class=\"et_pb_module_header\">Erleichterung der politischen und sozialen Akzeptanz<\/h3><\/div><\/div><\/div>\n<\/div>\n<\/div>\n<\/div>\n\n","protected":false},"excerpt":{"rendered":"","protected":false},"author":1,"featured_media":0,"parent":1109,"menu_order":0,"comment_status":"closed","ping_status":"closed","template":"","meta":{"footnotes":""},"class_list":["post-1238","page","type-page","status-publish","hentry"],"_links":{"self":[{"href":"https:\/\/vistonia.ch\/de\/wp-json\/wp\/v2\/pages\/1238","targetHints":{"allow":["GET"]}}],"collection":[{"href":"https:\/\/vistonia.ch\/de\/wp-json\/wp\/v2\/pages"}],"about":[{"href":"https:\/\/vistonia.ch\/de\/wp-json\/wp\/v2\/types\/page"}],"author":[{"embeddable":true,"href":"https:\/\/vistonia.ch\/de\/wp-json\/wp\/v2\/users\/1"}],"replies":[{"embeddable":true,"href":"https:\/\/vistonia.ch\/de\/wp-json\/wp\/v2\/comments?post=1238"}],"version-history":[{"count":3,"href":"https:\/\/vistonia.ch\/de\/wp-json\/wp\/v2\/pages\/1238\/revisions"}],"predecessor-version":[{"id":1241,"href":"https:\/\/vistonia.ch\/de\/wp-json\/wp\/v2\/pages\/1238\/revisions\/1241"}],"up":[{"embeddable":true,"href":"https:\/\/vistonia.ch\/de\/wp-json\/wp\/v2\/pages\/1109"}],"wp:attachment":[{"href":"https:\/\/vistonia.ch\/de\/wp-json\/wp\/v2\/media?parent=1238"}],"curies":[{"name":"wp","href":"https:\/\/api.w.org\/{rel}","templated":true}]}}