{"id":1209,"date":"2026-03-26T20:46:47","date_gmt":"2026-03-26T19:46:47","guid":{"rendered":"https:\/\/vistonia.ch\/accompagnement-client\/"},"modified":"2026-04-20T13:29:50","modified_gmt":"2026-04-20T11:29:50","slug":"accompagnement-client","status":"publish","type":"page","link":"https:\/\/vistonia.ch\/de\/kauferbetreuung\/","title":{"rendered":"K\u00e4uferbetreuung"},"content":{"rendered":"<div class=\"et_pb_section_0 et_pb_section et_section_regular et_block_section\" id=\"qui-sommes-nous\">\n<div class=\"et_pb_row_0 et_pb_row et_block_row\">\n<div class=\"et_pb_column_0 et_pb_column et_pb_column_4_4 et-last-child et_block_column et_pb_css_mix_blend_mode_passthrough\">\n<div class=\"et_pb_text_0 et_pb_text et_pb_bg_layout_light et_pb_module et_block_module custom-list\"><div class=\"et_pb_text_inner\"><p><a href=\"\/de\/privat-institutionnell\/\">Privat \u2013Institutionnell<\/a><\/p>\n<\/div><\/div>\n<\/div>\n<\/div>\n\n<div class=\"et_pb_row_1 et_pb_row et_flex_row\">\n<div class=\"et_pb_column_1 et_pb_column et_block_column et_pb_css_mix_blend_mode_passthrough et_flex_column_2_5 et_flex_column_2_5_tablet et_flex_column_24_24_phone\">\n<div class=\"et_pb_post_title_0 et_pb_post_title et_pb_bg_layout_light et_pb_module et_block_module\"><div class=\"et_pb_title_container\"><h1 class=\"entry-title\">K\u00e4uferbetreuung<\/h1><\/div><\/div>\n<\/div>\n\n<div class=\"et_pb_column_2 et_pb_column et-last-child et_block_column et_pb_css_mix_blend_mode_passthrough et_flex_column_3_5 et_flex_column_3_5_tablet et_flex_column_24_24_phone\">\n<div class=\"et_pb_text_1 et_pb_text et_pb_bg_layout_light et_pb_module et_block_module text-cv\"><div class=\"et_pb_text_inner\"><p><strong>Begleitung der K\u00e4uferschaften bis zur \u00dcbergabe<\/strong><\/p>\n<p><strong>Ziele<\/strong><\/p>\n<ul>\n<li>Gew\u00e4hrleistung einer strukturierten Begleitung w\u00e4hrend der gesamten Realisierungsphase<\/li>\n<li>Sicherstellung fundierter Entscheidungen in jeder wichtigen Phase (Anpassungen, Nachtr\u00e4ge, Abstimmungen)<\/li>\n<li>Schutz der Kundeninteressen bis zur Abnahme und Inbetriebnahme<\/li>\n<\/ul>\n<p><strong>Leistungen<\/strong><\/p>\n<ul>\n<li>Spezieller Ansprechpartner f\u00fcr den Kunden w\u00e4hrend der gesamten Realisierungsphase<\/li>\n<li>Vorbereitung von Entscheidungen (Zusammenfassung der Optionen, Risiken, Auswirkungen auf Kosten\/Fristen)<\/li>\n<li>Teilnahme an Baustellenbesprechungen, Lenkungsaussch\u00fcssen und Koordinierungssitzungen<\/li>\n<li>\u00dcberwachung der Verpflichtungen (Kosten, Fristen, Qualit\u00e4t) und regelm\u00e4ssige Berichterstattung<\/li>\n<li>Unterst\u00fctzung bei der Verwaltung von Anpassungen w\u00e4hrend des Projekts (Priorisierung, Begr\u00fcndung, Dokumentation)<\/li>\n<\/ul>\n<\/div><\/div>\n<\/div>\n<\/div>\n<\/div>\n\n<div class=\"et_pb_section_1 et_pb_section et_section_regular et_flex_section\">\n<div class=\"et_pb_row_2 et_pb_row et_block_row row_benefits four\">\n<div class=\"et_pb_column_3 et_pb_column et_pb_column_4_4 et-last-child et_flex_column et_pb_css_mix_blend_mode_passthrough\">\n<div class=\"et_pb_blurb_0 et_pb_blurb et_pb_bg_layout_light et_pb_text_align_center et_pb_blurb_position_top et_pb_module et_block_module module_icon\"><div class=\"et_pb_blurb_content\"><div class=\"et_pb_main_blurb_image\"><span class=\"et_pb_image_wrap et_pb_only_image_mode_wrap\"><img decoding=\"async\" src=\"https:\/\/vistonia.ch\/wp-content\/uploads\/2026\/03\/grue.svg\" class=\"wp-image-1038\" title=\"grue\" alt=\"Grue\"><\/span><\/div><div class=\"et_pb_blurb_container\"><h3 class=\"et_pb_module_header\">Klare \u00dcbersicht \u00fcber den Projektfortschritt<\/h3><\/div><\/div><\/div>\n\n<div class=\"et_pb_blurb_1 et_pb_blurb et_pb_bg_layout_light et_pb_text_align_center et_pb_blurb_position_top et_pb_module et_block_module module_icon\"><div class=\"et_pb_blurb_content\"><div class=\"et_pb_main_blurb_image\"><span class=\"et_pb_image_wrap et_pb_only_image_mode_wrap\"><img decoding=\"async\" src=\"https:\/\/vistonia.ch\/wp-content\/uploads\/2026\/03\/contrat.svg\" class=\"wp-image-1031\" title=\"contrat\" alt=\"Contrat\"><\/span><\/div><div class=\"et_pb_blurb_container\"><h3 class=\"et_pb_module_header\">Einfachere und besser dokumentierte Entscheidungen<\/h3><\/div><\/div><\/div>\n\n<div class=\"et_pb_blurb_2 et_pb_blurb et_pb_bg_layout_light et_pb_text_align_center et_pb_blurb_position_top et_pb_module et_block_module module_icon\"><div class=\"et_pb_blurb_content\"><div class=\"et_pb_main_blurb_image\"><span class=\"et_pb_image_wrap et_pb_only_image_mode_wrap\"><img decoding=\"async\" src=\"https:\/\/vistonia.ch\/wp-content\/uploads\/2026\/03\/serrage-mains.svg\" class=\"wp-image-1037\" title=\"serrage-mains\" alt=\"Serrage Mains\"><\/span><\/div><div class=\"et_pb_blurb_container\"><h3 class=\"et_pb_module_header\">Weniger Stress und Belastung f\u00fcr den Kunden<\/h3><\/div><\/div><\/div>\n\n<div class=\"et_pb_blurb_3 et_pb_blurb et_pb_bg_layout_light et_pb_text_align_center et_pb_blurb_position_top et_pb_module et_block_module module_icon\"><div class=\"et_pb_blurb_content\"><div class=\"et_pb_main_blurb_image\"><span class=\"et_pb_image_wrap et_pb_only_image_mode_wrap\"><img decoding=\"async\" src=\"https:\/\/vistonia.ch\/wp-content\/uploads\/2026\/03\/juridique.svg\" class=\"wp-image-1027\" title=\"juridique\" alt=\"Juridique\"><\/span><\/div><div class=\"et_pb_blurb_container\"><h3 class=\"et_pb_module_header\">Wahrung der Kundeninteressen bis zur Abnahme<\/h3><\/div><\/div><\/div>\n<\/div>\n<\/div>\n<\/div>\n\n","protected":false},"excerpt":{"rendered":"","protected":false},"author":1,"featured_media":0,"parent":0,"menu_order":0,"comment_status":"closed","ping_status":"closed","template":"","meta":{"footnotes":""},"class_list":["post-1209","page","type-page","status-publish","hentry"],"_links":{"self":[{"href":"https:\/\/vistonia.ch\/de\/wp-json\/wp\/v2\/pages\/1209","targetHints":{"allow":["GET"]}}],"collection":[{"href":"https:\/\/vistonia.ch\/de\/wp-json\/wp\/v2\/pages"}],"about":[{"href":"https:\/\/vistonia.ch\/de\/wp-json\/wp\/v2\/types\/page"}],"author":[{"embeddable":true,"href":"https:\/\/vistonia.ch\/de\/wp-json\/wp\/v2\/users\/1"}],"replies":[{"embeddable":true,"href":"https:\/\/vistonia.ch\/de\/wp-json\/wp\/v2\/comments?post=1209"}],"version-history":[{"count":4,"href":"https:\/\/vistonia.ch\/de\/wp-json\/wp\/v2\/pages\/1209\/revisions"}],"predecessor-version":[{"id":1499,"href":"https:\/\/vistonia.ch\/de\/wp-json\/wp\/v2\/pages\/1209\/revisions\/1499"}],"wp:attachment":[{"href":"https:\/\/vistonia.ch\/de\/wp-json\/wp\/v2\/media?parent=1209"}],"curies":[{"name":"wp","href":"https:\/\/api.w.org\/{rel}","templated":true}]}}