{"id":1202,"date":"2026-03-26T20:43:07","date_gmt":"2026-03-26T19:43:07","guid":{"rendered":"https:\/\/vistonia.ch\/mise-en-service\/"},"modified":"2026-04-20T13:32:20","modified_gmt":"2026-04-20T11:32:20","slug":"mise-en-service","status":"publish","type":"page","link":"https:\/\/vistonia.ch\/de\/projektabnahmen\/","title":{"rendered":"Projektabnahmen"},"content":{"rendered":"<div class=\"et_pb_section_0 et_pb_section et_section_regular et_block_section\" id=\"qui-sommes-nous\">\n<div class=\"et_pb_row_0 et_pb_row et_block_row\">\n<div class=\"et_pb_column_0 et_pb_column et_pb_column_4_4 et-last-child et_block_column et_pb_css_mix_blend_mode_passthrough\">\n<div class=\"et_pb_text_0 et_pb_text et_pb_bg_layout_light et_pb_module et_block_module custom-list\"><div class=\"et_pb_text_inner\"><p><a href=\"\/de\/privat-institutionnell\/\">Privat \u2013Institutionnell<\/a> &amp; <a href=\"\/de\/offentliche-behorde\/\">\u00d6ffentliche Beh\u00f6rde<\/a><\/p>\n<\/div><\/div>\n<\/div>\n<\/div>\n\n<div class=\"et_pb_row_1 et_pb_row et_flex_row\">\n<div class=\"et_pb_column_1 et_pb_column et_block_column et_pb_css_mix_blend_mode_passthrough et_flex_column_2_5 et_flex_column_2_5_tablet et_flex_column_24_24_phone\">\n<div class=\"et_pb_post_title_0 et_pb_post_title et_pb_bg_layout_light et_pb_module et_block_module\"><div class=\"et_pb_title_container\"><h1 class=\"entry-title\">Projektabnahmen<\/h1><\/div><\/div>\n<\/div>\n\n<div class=\"et_pb_column_2 et_pb_column et-last-child et_block_column et_pb_css_mix_blend_mode_passthrough et_flex_column_3_5 et_flex_column_3_5_tablet et_flex_column_24_24_phone\">\n<div class=\"et_pb_text_1 et_pb_text et_pb_bg_layout_light et_pb_module et_block_module text-cv\"><div class=\"et_pb_text_inner\"><p><strong>Begleitung der Projekt\u00fcbergabe<\/strong><\/p>\n<p><strong>Ziele<\/strong><\/p>\n<ul>\n<li>Gew\u00e4hrleistung einer strukturierten und vollst\u00e4ndigen \u00dcbergabe des Bauwerks an den Bauherrn<\/li>\n<li>Sicherstellung, dass die Nutzer und Betreiber ab der Inbetriebnahme einsatzbereit sind<\/li>\n<li>Verringerung des Risikos von St\u00f6rungen und Beanstandungen nach der Inbetriebnahme<\/li>\n<\/ul>\n<p><strong>Leistungen<\/strong><\/p>\n<ul>\n<li>Planung der \u00dcbergabe- und Inbetriebnahmephase (Zeitplan, Zust\u00e4ndigkeiten)<\/li>\n<li>Unterst\u00fctzung bei der Abnahme der Arbeiten<\/li>\n<li>Organisation der Dokumentation<\/li>\n<\/ul>\n<\/div><\/div>\n<\/div>\n<\/div>\n<\/div>\n\n<div class=\"et_pb_section_1 et_pb_section et_section_regular et_flex_section\">\n<div class=\"et_pb_row_2 et_pb_row et_block_row row_benefits three\">\n<div class=\"et_pb_column_3 et_pb_column et_pb_column_4_4 et-last-child et_flex_column et_pb_css_mix_blend_mode_passthrough\">\n<div class=\"et_pb_blurb_0 et_pb_blurb et_pb_bg_layout_light et_pb_text_align_center et_pb_blurb_position_top et_pb_module et_block_module module_icon\"><div class=\"et_pb_blurb_content\"><div class=\"et_pb_main_blurb_image\"><span class=\"et_pb_image_wrap et_pb_only_image_mode_wrap\"><img decoding=\"async\" src=\"https:\/\/vistonia.ch\/wp-content\/uploads\/2026\/03\/analyse-maison-cle.svg\" class=\"wp-image-1046\" title=\"analyse-maison-cle\" alt=\"Analyse Maison Cle\"><\/span><\/div><div class=\"et_pb_blurb_container\"><h3 class=\"et_pb_module_header\">Strukturierte und dokumentierte \u00dcbergabe<\/h3><\/div><\/div><\/div>\n\n<div class=\"et_pb_blurb_1 et_pb_blurb et_pb_bg_layout_light et_pb_text_align_center et_pb_blurb_position_top et_pb_module et_block_module module_icon\"><div class=\"et_pb_blurb_content\"><div class=\"et_pb_main_blurb_image\"><span class=\"et_pb_image_wrap et_pb_only_image_mode_wrap\"><img decoding=\"async\" src=\"https:\/\/vistonia.ch\/wp-content\/uploads\/2026\/03\/cle-maison.svg\" class=\"wp-image-1006\" title=\"cle-maison\" alt=\"Cle Maison\"><\/span><\/div><div class=\"et_pb_blurb_container\"><h3 class=\"et_pb_module_header\">Reibungslose Inbetriebnahme<\/h3><\/div><\/div><\/div>\n\n<div class=\"et_pb_blurb_2 et_pb_blurb et_pb_bg_layout_light et_pb_text_align_center et_pb_blurb_position_top et_pb_module et_block_module module_icon\"><div class=\"et_pb_blurb_content\"><div class=\"et_pb_main_blurb_image\"><span class=\"et_pb_image_wrap et_pb_only_image_mode_wrap\"><img decoding=\"async\" src=\"https:\/\/vistonia.ch\/wp-content\/uploads\/2026\/03\/juridique.svg\" class=\"wp-image-1027\" title=\"juridique\" alt=\"Juridique\"><\/span><\/div><div class=\"et_pb_blurb_container\"><h3 class=\"et_pb_module_header\">Reduzierung von Streitigkeiten und Kosten<\/h3><\/div><\/div><\/div>\n<\/div>\n<\/div>\n<\/div>\n\n","protected":false},"excerpt":{"rendered":"","protected":false},"author":1,"featured_media":0,"parent":0,"menu_order":0,"comment_status":"closed","ping_status":"closed","template":"","meta":{"footnotes":""},"class_list":["post-1202","page","type-page","status-publish","hentry"],"_links":{"self":[{"href":"https:\/\/vistonia.ch\/de\/wp-json\/wp\/v2\/pages\/1202","targetHints":{"allow":["GET"]}}],"collection":[{"href":"https:\/\/vistonia.ch\/de\/wp-json\/wp\/v2\/pages"}],"about":[{"href":"https:\/\/vistonia.ch\/de\/wp-json\/wp\/v2\/types\/page"}],"author":[{"embeddable":true,"href":"https:\/\/vistonia.ch\/de\/wp-json\/wp\/v2\/users\/1"}],"replies":[{"embeddable":true,"href":"https:\/\/vistonia.ch\/de\/wp-json\/wp\/v2\/comments?post=1202"}],"version-history":[{"count":4,"href":"https:\/\/vistonia.ch\/de\/wp-json\/wp\/v2\/pages\/1202\/revisions"}],"predecessor-version":[{"id":1502,"href":"https:\/\/vistonia.ch\/de\/wp-json\/wp\/v2\/pages\/1202\/revisions\/1502"}],"wp:attachment":[{"href":"https:\/\/vistonia.ch\/de\/wp-json\/wp\/v2\/media?parent=1202"}],"curies":[{"name":"wp","href":"https:\/\/api.w.org\/{rel}","templated":true}]}}