{"id":1195,"date":"2026-03-26T20:39:00","date_gmt":"2026-03-26T19:39:00","guid":{"rendered":"https:\/\/vistonia.ch\/controle-qualite\/"},"modified":"2026-04-20T13:27:34","modified_gmt":"2026-04-20T11:27:34","slug":"controle-qualite","status":"publish","type":"page","link":"https:\/\/vistonia.ch\/de\/qualitatssicherung\/","title":{"rendered":"Qualit\u00e4tssicherung"},"content":{"rendered":"<div class=\"et_pb_section_0 et_pb_section et_section_regular et_block_section\" id=\"qui-sommes-nous\">\n<div class=\"et_pb_row_0 et_pb_row et_block_row\">\n<div class=\"et_pb_column_0 et_pb_column et_pb_column_4_4 et-last-child et_block_column et_pb_css_mix_blend_mode_passthrough\">\n<div class=\"et_pb_text_0 et_pb_text et_pb_bg_layout_light et_pb_module et_block_module custom-list\"><div class=\"et_pb_text_inner\"><p><a href=\"\/de\/privat-institutionnell\/\">Privat \u2013Institutionnell<\/a> &amp; <a href=\"\/de\/offentliche-behorde\/\">\u00d6ffentliche Beh\u00f6rde<\/a><\/p>\n<\/div><\/div>\n<\/div>\n<\/div>\n\n<div class=\"et_pb_row_1 et_pb_row et_flex_row\">\n<div class=\"et_pb_column_1 et_pb_column et_block_column et_pb_css_mix_blend_mode_passthrough et_flex_column_2_5 et_flex_column_2_5_tablet et_flex_column_24_24_phone\">\n<div class=\"et_pb_post_title_0 et_pb_post_title et_pb_bg_layout_light et_pb_module et_block_module\"><div class=\"et_pb_title_container\"><h1 class=\"entry-title\">Qualit\u00e4tssicherung<\/h1><\/div><\/div>\n<\/div>\n\n<div class=\"et_pb_column_2 et_pb_column et-last-child et_block_column et_pb_css_mix_blend_mode_passthrough et_flex_column_3_5 et_flex_column_3_5_tablet et_flex_column_24_24_phone\">\n<div class=\"et_pb_text_1 et_pb_text et_pb_bg_layout_light et_pb_module et_block_module text-cv\"><div class=\"et_pb_text_inner\"><p><strong>Projektorientiertes Qualit\u00e4tsmanagement (PQM)<\/strong><\/p>\n<p><strong>Ziele<\/strong><\/p>\n<ul>\n<li>Sicherstellung der \u00dcbereinstimmung der Ausf\u00fchrung mit den Projektanforderungen hinsichtlich Qualit\u00e4t, Kosten und Fristen<\/li>\n<li>Risiken schnell erkennen und beheben<\/li>\n<li>Die Interessen des Bauherrn bis zur Abnahme des Projekts sch\u00fctzen<\/li>\n<\/ul>\n<p><strong>Leistungen<\/strong><\/p>\n<ul>\n<li>Erstellung eines Qualit\u00e4tskontrollplans: Kontrollpunkte, Verantwortlichkeiten, Berichterstattung<\/li>\n<li>\u00dcberwachung der Baustelle, \u00dcberpr\u00fcfung der Leistungen und Nachverfolgung von Nichtkonformit\u00e4ten<\/li>\n<li>\u00dcberpr\u00fcfung der Ausf\u00fchrungspl\u00e4ne, Muster, Tests und Protokolle<\/li>\n<li>Koordination mit der Bauleitung, Nachtr\u00e4ge und Anpassungen<\/li>\n<\/ul>\n<\/div><\/div>\n<\/div>\n<\/div>\n<\/div>\n\n<div class=\"et_pb_section_1 et_pb_section et_section_regular et_flex_section\">\n<div class=\"et_pb_row_2 et_pb_row et_block_row row_benefits four\">\n<div class=\"et_pb_column_3 et_pb_column et_pb_column_4_4 et-last-child et_flex_column et_pb_css_mix_blend_mode_passthrough\">\n<div class=\"et_pb_blurb_0 et_pb_blurb et_pb_bg_layout_light et_pb_text_align_center et_pb_blurb_position_top et_pb_module et_block_module module_icon\"><div class=\"et_pb_blurb_content\"><div class=\"et_pb_main_blurb_image\"><span class=\"et_pb_image_wrap et_pb_only_image_mode_wrap\"><img decoding=\"async\" src=\"https:\/\/vistonia.ch\/wp-content\/uploads\/2026\/03\/qualite.svg\" class=\"wp-image-1035\" title=\"qualite\" alt=\"Qualite\"><\/span><\/div><div class=\"et_pb_blurb_container\"><h3 class=\"et_pb_module_header\">Sichere Ausf\u00fchrungsqualit\u00e4t<\/h3><\/div><\/div><\/div>\n\n<div class=\"et_pb_blurb_1 et_pb_blurb et_pb_bg_layout_light et_pb_text_align_center et_pb_blurb_position_top et_pb_module et_block_module module_icon\"><div class=\"et_pb_blurb_content\"><div class=\"et_pb_main_blurb_image\"><span class=\"et_pb_image_wrap et_pb_only_image_mode_wrap\"><img decoding=\"async\" src=\"https:\/\/vistonia.ch\/wp-content\/uploads\/2026\/03\/maison-main.svg\" class=\"wp-image-1005\" title=\"maison-main\" alt=\"Maison Main\"><\/span><\/div><div class=\"et_pb_blurb_container\"><h3 class=\"et_pb_module_header\">Reduzierung von M\u00e4ngeln und Nachbesserungen nach der Lieferung<\/h3><\/div><\/div><\/div>\n\n<div class=\"et_pb_blurb_2 et_pb_blurb et_pb_bg_layout_light et_pb_text_align_center et_pb_blurb_position_top et_pb_module et_block_module module_icon\"><div class=\"et_pb_blurb_content\"><div class=\"et_pb_main_blurb_image\"><span class=\"et_pb_image_wrap et_pb_only_image_mode_wrap\"><img decoding=\"async\" src=\"https:\/\/vistonia.ch\/wp-content\/uploads\/2026\/03\/calendrier.svg\" class=\"wp-image-1065\" title=\"calendrier\" alt=\"Calendrier\"><\/span><\/div><div class=\"et_pb_blurb_container\"><h3 class=\"et_pb_module_header\">Einhaltung von Kosten und Fristen<\/h3><\/div><\/div><\/div>\n\n<div class=\"et_pb_blurb_3 et_pb_blurb et_pb_bg_layout_light et_pb_text_align_center et_pb_blurb_position_top et_pb_module et_block_module module_icon\"><div class=\"et_pb_blurb_content\"><div class=\"et_pb_main_blurb_image\"><span class=\"et_pb_image_wrap et_pb_only_image_mode_wrap\"><img decoding=\"async\" src=\"https:\/\/vistonia.ch\/wp-content\/uploads\/2026\/03\/juridique.svg\" class=\"wp-image-1027\" title=\"juridique\" alt=\"Juridique\"><\/span><\/div><div class=\"et_pb_blurb_container\"><h3 class=\"et_pb_module_header\">Verringerung des Risikos sp\u00e4terer Rechtsstreitigkeiten<\/h3><\/div><\/div><\/div>\n<\/div>\n<\/div>\n<\/div>\n\n","protected":false},"excerpt":{"rendered":"","protected":false},"author":1,"featured_media":0,"parent":0,"menu_order":0,"comment_status":"closed","ping_status":"closed","template":"","meta":{"footnotes":""},"class_list":["post-1195","page","type-page","status-publish","hentry"],"_links":{"self":[{"href":"https:\/\/vistonia.ch\/de\/wp-json\/wp\/v2\/pages\/1195","targetHints":{"allow":["GET"]}}],"collection":[{"href":"https:\/\/vistonia.ch\/de\/wp-json\/wp\/v2\/pages"}],"about":[{"href":"https:\/\/vistonia.ch\/de\/wp-json\/wp\/v2\/types\/page"}],"author":[{"embeddable":true,"href":"https:\/\/vistonia.ch\/de\/wp-json\/wp\/v2\/users\/1"}],"replies":[{"embeddable":true,"href":"https:\/\/vistonia.ch\/de\/wp-json\/wp\/v2\/comments?post=1195"}],"version-history":[{"count":4,"href":"https:\/\/vistonia.ch\/de\/wp-json\/wp\/v2\/pages\/1195\/revisions"}],"predecessor-version":[{"id":1497,"href":"https:\/\/vistonia.ch\/de\/wp-json\/wp\/v2\/pages\/1195\/revisions\/1497"}],"wp:attachment":[{"href":"https:\/\/vistonia.ch\/de\/wp-json\/wp\/v2\/media?parent=1195"}],"curies":[{"name":"wp","href":"https:\/\/api.w.org\/{rel}","templated":true}]}}