{"id":1160,"date":"2026-03-26T20:18:04","date_gmt":"2026-03-26T19:18:04","guid":{"rendered":"https:\/\/vistonia.ch\/etudes-de-faisabilite\/"},"modified":"2026-04-20T14:44:29","modified_gmt":"2026-04-20T12:44:29","slug":"etudes-de-faisabilite","status":"publish","type":"page","link":"https:\/\/vistonia.ch\/de\/machbarkeitsstudien\/","title":{"rendered":"Machbarkeitsstudien"},"content":{"rendered":"<div class=\"et_pb_section_0 et_pb_section et_section_regular et_block_section\" id=\"qui-sommes-nous\">\n<div class=\"et_pb_row_0 et_pb_row et_block_row\">\n<div class=\"et_pb_column_0 et_pb_column et_pb_column_4_4 et-last-child et_block_column et_pb_css_mix_blend_mode_passthrough\">\n<div class=\"et_pb_text_0 et_pb_text et_pb_bg_layout_light et_pb_module et_block_module custom-list\"><div class=\"et_pb_text_inner\"><p><a href=\"\/de\/privat-institutionnell\/\">Privat \u2013Institutionnell<\/a> &amp; <a href=\"\/de\/offentliche-behorde\/\">\u00d6ffentliche Beh\u00f6rde<\/a><\/p>\n<\/div><\/div>\n<\/div>\n<\/div>\n\n<div class=\"et_pb_row_1 et_pb_row et_flex_row\">\n<div class=\"et_pb_column_1 et_pb_column et_block_column et_pb_css_mix_blend_mode_passthrough et_flex_column_2_5 et_flex_column_2_5_tablet et_flex_column_24_24_phone\">\n<div class=\"et_pb_post_title_0 et_pb_post_title et_pb_bg_layout_light et_pb_module et_block_module\"><div class=\"et_pb_title_container\"><h1 class=\"entry-title\">Machbarkeitsstudien<\/h1><\/div><\/div>\n<\/div>\n\n<div class=\"et_pb_column_2 et_pb_column et-last-child et_block_column et_pb_css_mix_blend_mode_passthrough et_flex_column_3_5 et_flex_column_3_5_tablet et_flex_column_24_24_phone\">\n<div class=\"et_pb_text_1 et_pb_text et_pb_bg_layout_light et_pb_module et_block_module text-cv\"><div class=\"et_pb_text_inner\"><p><strong>Nachweis von Projektm\u00f6glichkeiten unter Ber\u00fccksichtigung der vorhandenen Rahmenbedingungen<\/strong><\/p>\n<p><strong>Ziele<\/strong><\/p>\n<ul>\n<li>Bereitstellung einer soliden Grundlage f\u00fcr den Bauherrn, um \u00fcber das weitere Vorgehen zu entscheiden (Go\/No-Go, Varianten)<\/li>\n<li>Projektvorgaben<\/li>\n<li>Analyse der Rahmenbedingungen<\/li>\n<\/ul>\n<p><strong>Leistungen<\/strong><\/p>\n<ul>\n<li style=\"font-size: 18px;\">\u00dcberpr\u00fcfung der technischen, rechtlichen, wirtschaftlichen, programmatischen\u00a0 und baurechtlichen Machbarkeit und Varianten<\/li>\n<li style=\"font-size: 18px;\">Identifizierung der wichtigsten Risiken und Hebel des Projekts<\/li>\n<li>Definition Vorhaben, Pflichtenhefte<\/li>\n<li>Sch\u00e4tzung und Beurteilung der Wirtschaftlichkeit<\/li>\n<li>Erarbeitung von Variantenvergleichen und Handlungsempfehlungen<\/li>\n<\/ul>\n<\/div><\/div>\n<\/div>\n<\/div>\n<\/div>\n\n<div class=\"et_pb_section_1 et_pb_section et_section_regular et_flex_section\">\n<div class=\"et_pb_row_2 et_pb_row et_block_row row_benefits four\">\n<div class=\"et_pb_column_3 et_pb_column et_pb_column_4_4 et-last-child et_flex_column et_pb_css_mix_blend_mode_passthrough\">\n<div class=\"et_pb_blurb_0 et_pb_blurb et_pb_bg_layout_light et_pb_text_align_center et_pb_blurb_position_top et_pb_module et_block_module module_icon\"><div class=\"et_pb_blurb_content\"><div class=\"et_pb_main_blurb_image\"><span class=\"et_pb_image_wrap et_pb_only_image_mode_wrap\"><img decoding=\"async\" src=\"https:\/\/vistonia.ch\/wp-content\/uploads\/2026\/03\/mesures.svg\" class=\"wp-image-1010\" title=\"mesures\" alt=\"Mesures\"><\/span><\/div><div class=\"et_pb_blurb_container\"><h3 class=\"et_pb_module_header\">Klare \u00dcbersicht \u00fcber die M\u00f6glichkeiten und Varianten<\/h3><\/div><\/div><\/div>\n\n<div class=\"et_pb_blurb_1 et_pb_blurb et_pb_bg_layout_light et_pb_text_align_center et_pb_blurb_position_top et_pb_module et_block_module module_icon\"><div class=\"et_pb_blurb_content\"><div class=\"et_pb_main_blurb_image\"><span class=\"et_pb_image_wrap et_pb_only_image_mode_wrap\"><img decoding=\"async\" src=\"https:\/\/vistonia.ch\/wp-content\/uploads\/2026\/03\/securite.svg\" class=\"wp-image-1050\" title=\"securite\" alt=\"Securite\"><\/span><\/div><div class=\"et_pb_blurb_container\"><h3 class=\"et_pb_module_header\">Verringerung des Risikos sp\u00e4terer Wiederstande<\/h3><\/div><\/div><\/div>\n\n<div class=\"et_pb_blurb_2 et_pb_blurb et_pb_bg_layout_light et_pb_text_align_center et_pb_blurb_position_top et_pb_module et_block_module module_icon\"><div class=\"et_pb_blurb_content\"><div class=\"et_pb_main_blurb_image\"><span class=\"et_pb_image_wrap et_pb_only_image_mode_wrap\"><img decoding=\"async\" src=\"https:\/\/vistonia.ch\/wp-content\/uploads\/2026\/03\/vente-maison.svg\" class=\"wp-image-1030\" title=\"vente-maison\" alt=\"Vente Maison\"><\/span><\/div><div class=\"et_pb_blurb_container\"><h3 class=\"et_pb_module_header\">Fundiertere Investitionsentscheidungen<\/h3><\/div><\/div><\/div>\n\n<div class=\"et_pb_blurb_3 et_pb_blurb et_pb_bg_layout_light et_pb_text_align_center et_pb_blurb_position_top et_pb_module et_block_module module_icon\"><div class=\"et_pb_blurb_content\"><div class=\"et_pb_main_blurb_image\"><span class=\"et_pb_image_wrap et_pb_only_image_mode_wrap\"><img decoding=\"async\" src=\"https:\/\/vistonia.ch\/wp-content\/uploads\/2026\/03\/maison-courbe.svg\" class=\"wp-image-1007\" title=\"maison-courbe\" alt=\"Maison Courbe\"><\/span><\/div><div class=\"et_pb_blurb_container\"><h3 class=\"et_pb_module_header\">Optimierung des Potenzial-Kosten-Verh\u00e4ltnisses von Beginn des Projekts an<\/h3><\/div><\/div><\/div>\n<\/div>\n<\/div>\n<\/div>\n\n","protected":false},"excerpt":{"rendered":"","protected":false},"author":1,"featured_media":0,"parent":0,"menu_order":0,"comment_status":"closed","ping_status":"closed","template":"","meta":{"footnotes":""},"class_list":["post-1160","page","type-page","status-publish","hentry"],"_links":{"self":[{"href":"https:\/\/vistonia.ch\/de\/wp-json\/wp\/v2\/pages\/1160","targetHints":{"allow":["GET"]}}],"collection":[{"href":"https:\/\/vistonia.ch\/de\/wp-json\/wp\/v2\/pages"}],"about":[{"href":"https:\/\/vistonia.ch\/de\/wp-json\/wp\/v2\/types\/page"}],"author":[{"embeddable":true,"href":"https:\/\/vistonia.ch\/de\/wp-json\/wp\/v2\/users\/1"}],"replies":[{"embeddable":true,"href":"https:\/\/vistonia.ch\/de\/wp-json\/wp\/v2\/comments?post=1160"}],"version-history":[{"count":11,"href":"https:\/\/vistonia.ch\/de\/wp-json\/wp\/v2\/pages\/1160\/revisions"}],"predecessor-version":[{"id":1543,"href":"https:\/\/vistonia.ch\/de\/wp-json\/wp\/v2\/pages\/1160\/revisions\/1543"}],"wp:attachment":[{"href":"https:\/\/vistonia.ch\/de\/wp-json\/wp\/v2\/media?parent=1160"}],"curies":[{"name":"wp","href":"https:\/\/api.w.org\/{rel}","templated":true}]}}