{"id":1147,"date":"2026-03-26T20:07:58","date_gmt":"2026-03-26T19:07:58","guid":{"rendered":"https:\/\/vistonia.ch\/analyse-des-besoins\/"},"modified":"2026-04-20T14:23:19","modified_gmt":"2026-04-20T12:23:19","slug":"analyse-des-besoins","status":"publish","type":"page","link":"https:\/\/vistonia.ch\/de\/bedurfnisanalysen\/","title":{"rendered":"Bed\u00fcrfnisanalysen"},"content":{"rendered":"<div class=\"et_pb_section_0 et_pb_section et_section_regular et_block_section\" id=\"qui-sommes-nous\">\n<div class=\"et_pb_row_0 et_pb_row et_block_row\">\n<div class=\"et_pb_column_0 et_pb_column et_pb_column_4_4 et-last-child et_block_column et_pb_css_mix_blend_mode_passthrough\">\n<div class=\"et_pb_text_0 et_pb_text et_pb_bg_layout_light et_pb_module et_block_module custom-list\"><div class=\"et_pb_text_inner\"><p><a href=\"\/de\/offentliche-behorde\/\">\u00d6ffentliche Beh\u00f6rde<\/a><\/p>\n<\/div><\/div>\n<\/div>\n<\/div>\n\n<div class=\"et_pb_row_1 et_pb_row et_flex_row\">\n<div class=\"et_pb_column_1 et_pb_column et_block_column et_pb_css_mix_blend_mode_passthrough et_flex_column_2_5 et_flex_column_2_5_tablet et_flex_column_24_24_phone\">\n<div class=\"et_pb_post_title_0 et_pb_post_title et_pb_bg_layout_light et_pb_module et_block_module\"><div class=\"et_pb_title_container\"><h1 class=\"entry-title\">Bed\u00fcrfnisanalysen<\/h1><\/div><\/div>\n<\/div>\n\n<div class=\"et_pb_column_2 et_pb_column et-last-child et_block_column et_pb_css_mix_blend_mode_passthrough et_flex_column_3_5 et_flex_column_3_5_tablet et_flex_column_24_24_phone\">\n<div class=\"et_pb_text_1 et_pb_text et_pb_bg_layout_light et_pb_module et_block_module text-cv\"><div class=\"et_pb_text_inner\"><p><strong>Definition der genauen Bed\u00fcrfnisse<\/strong><\/p>\n<p><strong>Ziele<\/strong><\/p>\n<ul>\n<li>Kl\u00e4rung der genauen Bed\u00fcrfnisse des Bauherrn und der zuk\u00fcnftigen Nutzenden<\/li>\n<li>Umsetzung dieser Bed\u00fcrfnisse in funktionale und qualitative Anforderungen<\/li>\n<li>Definition der Projektvorgaben und Schaffung einer soliden Grundlage f\u00fcr Planung<\/li>\n<\/ul>\n<p><strong>Leistungen<\/strong><\/p>\n<ul>\n<li>Gespr\u00e4che und Workshops mit dem Bauherrn, den Nutzenden und den verschiedenen Interessengruppen<\/li>\n<li>Analyse des Kontexts: Standort, Vorschriften, Immobilienstrategie, Markt<\/li>\n<li>Formalisierung der Bed\u00fcrfnisse in Form von Konzepten und eines Raumprogramms<\/li>\n<li>Priorisierung der Anforderungen und Umsetzung in Projektparameter (Fl\u00e4chen, Phasen, Budget etc)<\/li>\n<\/ul>\n<\/div><\/div>\n<\/div>\n<\/div>\n<\/div>\n\n<div class=\"et_pb_section_1 et_pb_section et_section_regular et_flex_section\">\n<div class=\"et_pb_row_2 et_pb_row et_block_row row_benefits four\">\n<div class=\"et_pb_column_3 et_pb_column et_pb_column_4_4 et-last-child et_flex_column et_pb_css_mix_blend_mode_passthrough\">\n<div class=\"et_pb_blurb_0 et_pb_blurb et_pb_bg_layout_light et_pb_text_align_center et_pb_blurb_position_top et_pb_module et_block_module module_icon\"><div class=\"et_pb_blurb_content\"><div class=\"et_pb_main_blurb_image\"><span class=\"et_pb_image_wrap et_pb_only_image_mode_wrap\"><img decoding=\"async\" src=\"https:\/\/vistonia.ch\/wp-content\/uploads\/2026\/03\/taches.svg\" class=\"wp-image-1057\" title=\"taches\" alt=\"Taches\"><\/span><\/div><div class=\"et_pb_blurb_container\"><h3 class=\"et_pb_module_header\">Kl\u00e4rung der Erwartungen und Priorit\u00e4ten<\/h3><\/div><\/div><\/div>\n\n<div class=\"et_pb_blurb_1 et_pb_blurb et_pb_bg_layout_light et_pb_text_align_center et_pb_blurb_position_top et_pb_module et_block_module module_icon\"><div class=\"et_pb_blurb_content\"><div class=\"et_pb_main_blurb_image\"><span class=\"et_pb_image_wrap et_pb_only_image_mode_wrap\"><img decoding=\"async\" src=\"https:\/\/vistonia.ch\/wp-content\/uploads\/2026\/03\/serrage-mains-partenaires.svg\" class=\"wp-image-1054\" title=\"serrage-mains-partenaires\" alt=\"Serrage Mains Partenaires\"><\/span><\/div><div class=\"et_pb_blurb_container\"><h3 class=\"et_pb_module_header\">Reduzierung von Missverst\u00e4ndnissen und sp\u00e4teren \u00c4nderungen<\/h3><\/div><\/div><\/div>\n\n<div class=\"et_pb_blurb_2 et_pb_blurb et_pb_bg_layout_light et_pb_text_align_center et_pb_blurb_position_top et_pb_module et_block_module module_icon\"><div class=\"et_pb_blurb_content\"><div class=\"et_pb_main_blurb_image\"><span class=\"et_pb_image_wrap et_pb_only_image_mode_wrap\"><img decoding=\"async\" src=\"https:\/\/vistonia.ch\/wp-content\/uploads\/2026\/03\/contrat.svg\" class=\"wp-image-1031\" title=\"contrat\" alt=\"Contrat\"><\/span><\/div><div class=\"et_pb_blurb_container\"><h3 class=\"et_pb_module_header\">Gemeinsame Grundlage f\u00fcr Entscheidungen<\/h3><\/div><\/div><\/div>\n\n<div class=\"et_pb_blurb_3 et_pb_blurb et_pb_bg_layout_light et_pb_text_align_center et_pb_blurb_position_top et_pb_module et_block_module module_icon\"><div class=\"et_pb_blurb_content\"><div class=\"et_pb_main_blurb_image\"><span class=\"et_pb_image_wrap et_pb_only_image_mode_wrap\"><img decoding=\"async\" src=\"https:\/\/vistonia.ch\/wp-content\/uploads\/2026\/03\/calcul.svg\" class=\"wp-image-1042\" title=\"calcul\" alt=\"Calcul\"><\/span><\/div><div class=\"et_pb_blurb_container\"><h3 class=\"et_pb_module_header\">Kostenkontrolle bereits in den ersten Phasen<\/h3><\/div><\/div><\/div>\n<\/div>\n<\/div>\n<\/div>\n\n","protected":false},"excerpt":{"rendered":"","protected":false},"author":1,"featured_media":0,"parent":0,"menu_order":0,"comment_status":"closed","ping_status":"closed","template":"","meta":{"footnotes":""},"class_list":["post-1147","page","type-page","status-publish","hentry"],"_links":{"self":[{"href":"https:\/\/vistonia.ch\/de\/wp-json\/wp\/v2\/pages\/1147","targetHints":{"allow":["GET"]}}],"collection":[{"href":"https:\/\/vistonia.ch\/de\/wp-json\/wp\/v2\/pages"}],"about":[{"href":"https:\/\/vistonia.ch\/de\/wp-json\/wp\/v2\/types\/page"}],"author":[{"embeddable":true,"href":"https:\/\/vistonia.ch\/de\/wp-json\/wp\/v2\/users\/1"}],"replies":[{"embeddable":true,"href":"https:\/\/vistonia.ch\/de\/wp-json\/wp\/v2\/comments?post=1147"}],"version-history":[{"count":8,"href":"https:\/\/vistonia.ch\/de\/wp-json\/wp\/v2\/pages\/1147\/revisions"}],"predecessor-version":[{"id":1532,"href":"https:\/\/vistonia.ch\/de\/wp-json\/wp\/v2\/pages\/1147\/revisions\/1532"}],"wp:attachment":[{"href":"https:\/\/vistonia.ch\/de\/wp-json\/wp\/v2\/media?parent=1147"}],"curies":[{"name":"wp","href":"https:\/\/api.w.org\/{rel}","templated":true}]}}