{"id":1102,"date":"2026-03-06T08:32:59","date_gmt":"2026-03-06T07:32:59","guid":{"rendered":"https:\/\/vistonia.ch\/prives-institutionnels\/"},"modified":"2026-03-29T22:32:18","modified_gmt":"2026-03-29T20:32:18","slug":"prives-institutionnels","status":"publish","type":"page","link":"https:\/\/vistonia.ch\/de\/privat-institutionnell\/","title":{"rendered":"Privat \u2013Institutionnell"},"content":{"rendered":"<div class=\"et_pb_section_0 et_pb_section et_section_regular et_block_section section_banner-video\">\n<div class=\"et_pb_row_0 et_pb_row et_block_row\">\n<div class=\"et_pb_column_0 et_pb_column et_pb_column_4_4 et-last-child et_block_column et_pb_css_mix_blend_mode_passthrough\">\n<div class=\"et_pb_code_0 et_pb_code et_pb_module\"><div class=\"et_pb_code_inner\"><div style=\"position:relative;width:100%;aspect-ratio:16\/9;\">\n  <iframe \n    src=\"https:\/\/player.vimeo.com\/video\/1177235287?autoplay=1&muted=1&controls=1&loop=1&background=0&playsinline=1\"\n    frameborder=\"0\"\n    allow=\"autoplay; fullscreen; picture-in-picture\"\n    style=\"width:100%;height:100%;\"\n    title=\"Vistonia - From Vision to Stone\">\n  <\/iframe>\n<\/div><\/div><\/div>\n<\/div>\n<\/div>\n<\/div>\n\n<div class=\"et_pb_section_1 et_pb_section et_section_regular et_block_section\" id=\"qui-sommes-nous\">\n<div class=\"et_pb_row_1 et_pb_row et_block_row\">\n<div class=\"et_pb_column_1 et_pb_column et_pb_column_4_4 et-last-child et_block_column et_pb_css_mix_blend_mode_passthrough\">\n<div class=\"et_pb_text_0 et_pb_text et_pb_bg_layout_light et_pb_module et_block_module custom-list\"><div class=\"et_pb_text_inner\"><p>Vision<\/p>\n<\/div><\/div>\n<\/div>\n<\/div>\n\n<div class=\"et_pb_row_2 et_pb_row et_flex_row\">\n<div class=\"et_pb_column_2 et_pb_column et_flex_column et_pb_css_mix_blend_mode_passthrough et_flex_column_12_24 et_flex_column_12_24_tablet et_flex_column_24_24_phone\">\n<div class=\"et_pb_text_1 et_pb_text et_pb_bg_layout_light et_pb_module et_block_module title\"><div class=\"et_pb_text_inner\"><h1>Privat \u2013Institutionnell<\/h1>\n<\/div><\/div>\n<\/div>\n\n<div class=\"et_pb_column_3 et_pb_column et-last-child et_flex_column et_pb_css_mix_blend_mode_passthrough et_flex_column_12_24 et_flex_column_12_24_tablet et_flex_column_24_24_phone\">\n<div class=\"et_pb_text_2 et_pb_text et_pb_bg_layout_light et_pb_module et_block_module custom-list\"><div class=\"et_pb_text_inner\"><p style=\"text-align: justify;\"><strong>Sie sind Grundst\u00fcckseigent\u00fcmer und suchen nach innovativen und nachhaltigen Ideen, um die Nutzung Ihrer Immobilie zu optimieren? Sie m\u00f6chten wissen, welche M\u00f6glichkeiten die Gestaltung Ihres Grundst\u00fccks bietet und welchen Mehrwert sie hat? Sie haben ein Bauprojekt und ben\u00f6tigen daf\u00fcr Fl\u00e4che?<\/strong><\/p>\n<p style=\"text-align: justify;\">Vistonia hilft Ihnen bei der Entwicklung Ihrer Immobilienstrategien entsprechend Ihren Bed\u00fcrfnissen, von der Potenzialanalyse \u00fcber die Strategie, die Planung und Umsetzung bis hin zur Bau\u00fcberwachung und Vermarktung.<\/p>\n<\/div><\/div>\n<\/div>\n<\/div>\n\n<div class=\"et_pb_row_3 et_pb_row et_block_row row_with-icons\">\n<div class=\"et_pb_column_4 et_pb_column et_pb_column_4_4 et-last-child et_flex_column et_pb_css_mix_blend_mode_passthrough\">\n<div class=\"et_pb_blurb_0 et_pb_blurb et_pb_bg_layout_light et_pb_text_align_left et_pb_blurb_position_top et_clickable et_pb_module et_block_module module_icon\"><div class=\"et_pb_blurb_content\"><div class=\"et_pb_main_blurb_image\"><span class=\"et_pb_image_wrap et_pb_only_image_mode_wrap\"><img decoding=\"async\" src=\"https:\/\/vistonia.ch\/wp-content\/uploads\/2026\/03\/transformation.svg\" class=\"et-waypoint et_pb_animation_off et_pb_animation_off_tablet et_pb_animation_off_phone wp-image-1029\" title=\"transformation\" alt=\"Transformation\"><\/span><\/div><div class=\"et_pb_blurb_container\"><h3 class=\"et_pb_module_header\">Vision und Strategie<\/h3><div class=\"et_pb_blurb_description\"><p>Entwicklung einer Vision und einer Strategie<\/p>\n<\/div><\/div><\/div><\/div>\n\n<div class=\"et_pb_blurb_1 et_pb_blurb et_pb_bg_layout_light et_pb_text_align_left et_pb_blurb_position_top et_clickable et_pb_module et_block_module module_icon\"><div class=\"et_pb_blurb_content\"><div class=\"et_pb_main_blurb_image\"><span class=\"et_pb_image_wrap et_pb_only_image_mode_wrap\"><img decoding=\"async\" src=\"https:\/\/vistonia.ch\/wp-content\/uploads\/2026\/03\/maps.svg\" class=\"et-waypoint et_pb_animation_off et_pb_animation_off_tablet et_pb_animation_off_phone wp-image-1033\" title=\"maps\" alt=\"Maps\"><\/span><\/div><div class=\"et_pb_blurb_container\"><h3 class=\"et_pb_module_header\">Machbarkeitsstudien<\/h3><div class=\"et_pb_blurb_description\"><p>Bewertung der M\u00f6glichkeiten und Einschr\u00e4nkungen des Projekts<\/p>\n<\/div><\/div><\/div><\/div>\n\n<div class=\"et_pb_blurb_2 et_pb_blurb et_pb_bg_layout_light et_pb_text_align_left et_pb_blurb_position_top et_clickable et_pb_module et_block_module module_icon\"><div class=\"et_pb_blurb_content\"><div class=\"et_pb_main_blurb_image\"><span class=\"et_pb_image_wrap et_pb_only_image_mode_wrap\"><img decoding=\"async\" src=\"https:\/\/vistonia.ch\/wp-content\/uploads\/2026\/03\/vente-maison.svg\" class=\"et-waypoint et_pb_animation_off et_pb_animation_off_tablet et_pb_animation_off_phone wp-image-1030\" title=\"vente-maison\" alt=\"Vente Maison\"><\/span><\/div><div class=\"et_pb_blurb_container\"><h3 class=\"et_pb_module_header\">Auswahlverfahren<\/h3><div class=\"et_pb_blurb_description\"><p>Organisation und Verwaltung von Auswahlverfahren<\/p>\n<\/div><\/div><\/div><\/div>\n\n<div class=\"et_pb_blurb_3 et_pb_blurb et_pb_bg_layout_light et_pb_text_align_left et_pb_blurb_position_top et_clickable et_pb_module et_block_module module_icon\"><div class=\"et_pb_blurb_content\"><div class=\"et_pb_main_blurb_image\"><span class=\"et_pb_image_wrap et_pb_only_image_mode_wrap\"><img decoding=\"async\" src=\"https:\/\/vistonia.ch\/wp-content\/uploads\/2026\/03\/contrat.svg\" class=\"et-waypoint et_pb_animation_off et_pb_animation_off_tablet et_pb_animation_off_phone wp-image-1031\" title=\"contrat\" alt=\"Contrat\"><\/span><\/div><div class=\"et_pb_blurb_container\"><h3 class=\"et_pb_module_header\">Projektdefinition<\/h3><div class=\"et_pb_blurb_description\"><p>Projektsteuerung bis zum Erhalt der Baugenehmigung<\/p>\n<\/div><\/div><\/div><\/div>\n\n<div class=\"et_pb_blurb_4 et_pb_blurb et_pb_bg_layout_light et_pb_text_align_left et_pb_blurb_position_top et_clickable et_pb_module et_block_module module_icon\"><div class=\"et_pb_blurb_content\"><div class=\"et_pb_main_blurb_image\"><span class=\"et_pb_image_wrap et_pb_only_image_mode_wrap\"><img decoding=\"async\" src=\"https:\/\/vistonia.ch\/wp-content\/uploads\/2026\/03\/grue.svg\" class=\"et-waypoint et_pb_animation_off et_pb_animation_off_tablet et_pb_animation_off_phone wp-image-1038\" title=\"grue\" alt=\"Grue\"><\/span><\/div><div class=\"et_pb_blurb_container\"><h3 class=\"et_pb_module_header\">Realisierung<\/h3><div class=\"et_pb_blurb_description\"><p>Steuerung und Koordination w\u00e4hrend der Realisierungsphase<\/p>\n<\/div><\/div><\/div><\/div>\n\n<div class=\"et_pb_blurb_5 et_pb_blurb et_pb_bg_layout_light et_pb_text_align_left et_pb_blurb_position_top et_clickable et_pb_module et_block_module module_icon\"><div class=\"et_pb_blurb_content\"><div class=\"et_pb_main_blurb_image\"><span class=\"et_pb_image_wrap et_pb_only_image_mode_wrap\"><img decoding=\"async\" src=\"https:\/\/vistonia.ch\/wp-content\/uploads\/2026\/03\/qualite.svg\" class=\"et-waypoint et_pb_animation_off et_pb_animation_off_tablet et_pb_animation_off_phone wp-image-1035\" title=\"qualite\" alt=\"Qualite\"><\/span><\/div><div class=\"et_pb_blurb_container\"><h3 class=\"et_pb_module_header\">Qualit\u00e4tssicherung<\/h3><div class=\"et_pb_blurb_description\"><p>Qualit\u00e4tskontrolle PQM<\/p>\n<\/div><\/div><\/div><\/div>\n\n<div class=\"et_pb_blurb_6 et_pb_blurb et_pb_bg_layout_light et_pb_text_align_left et_pb_blurb_position_top et_clickable et_pb_module et_block_module module_icon\"><div class=\"et_pb_blurb_content\"><div class=\"et_pb_main_blurb_image\"><span class=\"et_pb_image_wrap et_pb_only_image_mode_wrap\"><img decoding=\"async\" src=\"https:\/\/vistonia.ch\/wp-content\/uploads\/2026\/03\/serrage-mains.svg\" class=\"et-waypoint et_pb_animation_off et_pb_animation_off_tablet et_pb_animation_off_phone wp-image-1037\" title=\"serrage-mains\" alt=\"Serrage Mains\"><\/span><\/div><div class=\"et_pb_blurb_container\"><h3 class=\"et_pb_module_header\">K\u00e4uferbetreuung<\/h3><div class=\"et_pb_blurb_description\"><p>Unterst\u00fctzung des K\u00e4ufers<\/p>\n<\/div><\/div><\/div><\/div>\n\n<div class=\"et_pb_blurb_7 et_pb_blurb et_pb_bg_layout_light et_pb_text_align_left et_pb_blurb_position_top et_clickable et_pb_module et_block_module module_icon\"><div class=\"et_pb_blurb_content\"><div class=\"et_pb_main_blurb_image\"><span class=\"et_pb_image_wrap et_pb_only_image_mode_wrap\"><img decoding=\"async\" src=\"https:\/\/vistonia.ch\/wp-content\/uploads\/2026\/03\/cle-maison.svg\" class=\"et-waypoint et_pb_animation_off et_pb_animation_off_tablet et_pb_animation_off_phone wp-image-1006\" title=\"cle-maison\" alt=\"Cle Maison\"><\/span><\/div><div class=\"et_pb_blurb_container\"><h3 class=\"et_pb_module_header\">Projektabnahmen<\/h3><div class=\"et_pb_blurb_description\"><p>Begleitung bis zur \u00dcbergabe des Projekts<\/p>\n<\/div><\/div><\/div><\/div>\n\n<div class=\"et_pb_blurb_8 et_pb_blurb et_pb_bg_layout_light et_pb_text_align_left et_pb_blurb_position_top et_clickable et_pb_module et_block_module module_icon\"><div class=\"et_pb_blurb_content\"><div class=\"et_pb_main_blurb_image\"><span class=\"et_pb_image_wrap et_pb_only_image_mode_wrap\"><img decoding=\"async\" src=\"https:\/\/vistonia.ch\/wp-content\/uploads\/2026\/03\/juridique.svg\" class=\"et-waypoint et_pb_animation_off et_pb_animation_off_tablet et_pb_animation_off_phone wp-image-1027\" title=\"juridique\" alt=\"Juridique\"><\/span><\/div><div class=\"et_pb_blurb_container\"><h3 class=\"et_pb_module_header\">Juristische Unterst\u00fctzung<\/h3><div class=\"et_pb_blurb_description\"><p>Rechtliche Unterst\u00fctzung w\u00e4hrend des gesamten Prozesses<\/p>\n<\/div><\/div><\/div><\/div>\n\n<div class=\"et_pb_blurb_9 et_pb_blurb et_pb_bg_layout_light et_pb_text_align_left et_pb_blurb_position_top et_clickable et_pb_module et_block_module module_icon\"><div class=\"et_pb_blurb_content\"><div class=\"et_pb_main_blurb_image\"><span class=\"et_pb_image_wrap et_pb_only_image_mode_wrap\"><img decoding=\"async\" src=\"https:\/\/vistonia.ch\/wp-content\/uploads\/2026\/03\/marketing-maison.svg\" class=\"et-waypoint et_pb_animation_off et_pb_animation_off_tablet et_pb_animation_off_phone wp-image-1039\" title=\"marketing-maison\" alt=\"Marketing Maison\"><\/span><\/div><div class=\"et_pb_blurb_container\"><h3 class=\"et_pb_module_header\">Kommunikation<\/h3><div class=\"et_pb_blurb_description\"><p>Verwaltung und Steuerung der partizipativer Prozesse und der Projektkommunikation<\/p>\n<\/div><\/div><\/div><\/div>\n<\/div>\n<\/div>\n<\/div>\n\n<div class=\"et_pb_section_2 et_pb_section et_section_regular et_block_section\">\n<div class=\"et_pb_row_4 et_pb_row et_flex_row\">\n<div class=\"et_pb_column_5 et_pb_column et-last-child et_flex_column et_pb_css_mix_blend_mode_passthrough et_flex_column_24_24 et_flex_column_24_24_tablet et_flex_column_24_24_phone\">\n<div class=\"et_pb_text_3 et_pb_text et_pb_bg_layout_light et_pb_module et_block_module custom-list\"><div class=\"et_pb_text_inner\"><p>Referenzprojekte<\/p>\n<\/div><\/div>\n<\/div>\n<\/div>\n\n<div class=\"et_pb_row_5 et_pb_row et_flex_row\">\n<div class=\"et_pb_column_6 et_pb_column et-last-child et_flex_column et_pb_css_mix_blend_mode_passthrough et_flex_column_24_24 et_flex_column_24_24_tablet et_flex_column_24_24_phone\">\n<div class=\"et_pb_text_4 et_pb_text et_pb_bg_layout_light et_pb_module et_block_module title\"><div class=\"et_pb_text_inner\"><h1>Unsere Referenzprojekte<\/h1>\n<\/div><\/div>\n<\/div>\n<\/div>\n\n<div class=\"et_pb_row_6 et_pb_row et_flex_row row_projects\"><div class=\"et_pb_column_7 et_pb_column et_flex_column et_pb_css_mix_blend_mode_passthrough et_flex_column_12_24 et_flex_column_12_24_tablet et_flex_column_12_24_phone\" data-loop-item=\"0\">\n<div class=\"et_pb_group_0 et_pb_group et-last-child et_pb_module et_pb_css_mix_blend_mode_passthrough et_clickable\">\n<div class=\"et_pb_image_0 et_pb_image et_pb_module et_flex_module\"><span class=\"et_pb_image_wrap\"><img loading=\"lazy\" decoding=\"async\" src=\"https:\/\/vistonia.ch\/wp-content\/uploads\/2026\/03\/b6b76b_c59795ff4d0e484fb0aac9947adf1bcdmv2-1024x373.jpg\" width=\"1024\" height=\"373\" srcset=\"https:\/\/vistonia.ch\/wp-content\/uploads\/2026\/03\/b6b76b_c59795ff4d0e484fb0aac9947adf1bcdmv2-980x357.jpg 980w, https:\/\/vistonia.ch\/wp-content\/uploads\/2026\/03\/b6b76b_c59795ff4d0e484fb0aac9947adf1bcdmv2-480x175.jpg 480w\" sizes=\"(min-width: 0px) and (max-width: 480px) 480px, (min-width: 481px) and (max-width: 980px) 980px, (min-width: 981px) 1024px, 100vw\" class=\"wp-image-522\" alt=\"B6b76b C59795ff4d0e484fb0aac9947adf1bcdmv2 1024x373\" title=\"Privat \u2013Institutionnell\"><\/span><\/div>\n\n<div class=\"et_pb_heading_0 et_pb_heading et_pb_module et_flex_module\"><div class=\"et_pb_heading_container\"><h3 class=\"et_pb_module_header\">Ittigen, Haus des Sports, strategische Unterst\u00fctzung Eigent\u00fcmer<\/h3><\/div><\/div>\n\n<div class=\"et_pb_text_5 et_pb_text et_pb_bg_layout_light et_pb_module et_flex_module\"><div class=\"et_pb_text_inner\"><p>Stiftung Haus des Sports<\/p>\n<\/div><\/div>\n<\/div>\n<\/div><div class=\"et_pb_column_8 et_pb_column et_flex_column et_pb_css_mix_blend_mode_passthrough et_flex_column_12_24 et_flex_column_12_24_tablet et_flex_column_12_24_phone\" data-loop-item=\"1\">\n<div class=\"et_pb_group_1 et_pb_group et-last-child et_pb_module et_pb_css_mix_blend_mode_passthrough et_clickable\">\n<div class=\"et_pb_image_1 et_pb_image et_pb_module et_flex_module\"><span class=\"et_pb_image_wrap\"><img loading=\"lazy\" decoding=\"async\" src=\"https:\/\/vistonia.ch\/wp-content\/uploads\/2026\/03\/b6b76b_713fb7692a8c45d3b46772a43cf53099mv2-1024x427.jpg\" width=\"1024\" height=\"427\" srcset=\"https:\/\/vistonia.ch\/wp-content\/uploads\/2026\/03\/b6b76b_713fb7692a8c45d3b46772a43cf53099mv2-980x408.jpg 980w, https:\/\/vistonia.ch\/wp-content\/uploads\/2026\/03\/b6b76b_713fb7692a8c45d3b46772a43cf53099mv2-480x200.jpg 480w\" sizes=\"(min-width: 0px) and (max-width: 480px) 480px, (min-width: 481px) and (max-width: 980px) 980px, (min-width: 981px) 1024px, 100vw\" class=\"wp-image-489\" alt=\"B6b76b 713fb7692a8c45d3b46772a43cf53099mv2 1024x427\" title=\"Privat \u2013Institutionnell\"><\/span><\/div>\n\n<div class=\"et_pb_heading_1 et_pb_heading et_pb_module et_flex_module\"><div class=\"et_pb_heading_container\"><h3 class=\"et_pb_module_header\">Entwicklung eines innovativen und nachhaltigen Wohnprodukts: ein Gemeinschaftsprojekt<\/h3><\/div><\/div>\n\n<div class=\"et_pb_text_6 et_pb_text et_pb_bg_layout_light et_pb_module et_flex_module\"><div class=\"et_pb_text_inner\"><p>Living Lab AG<\/p>\n<\/div><\/div>\n<\/div>\n<\/div><div class=\"et_pb_column_9 et_pb_column et_flex_column et_pb_css_mix_blend_mode_passthrough et_flex_column_12_24 et_flex_column_12_24_tablet et_flex_column_12_24_phone\" data-loop-item=\"2\">\n<div class=\"et_pb_group_2 et_pb_group et-last-child et_pb_module et_pb_css_mix_blend_mode_passthrough et_clickable\">\n<div class=\"et_pb_image_2 et_pb_image et_pb_module et_flex_module\"><span class=\"et_pb_image_wrap\"><img loading=\"lazy\" decoding=\"async\" src=\"https:\/\/vistonia.ch\/wp-content\/uploads\/2026\/03\/b6b76b_7504530043ff4838adbf7dfed7191b5dmv2-1024x444.jpg\" width=\"1024\" height=\"444\" srcset=\"https:\/\/vistonia.ch\/wp-content\/uploads\/2026\/03\/b6b76b_7504530043ff4838adbf7dfed7191b5dmv2-980x425.jpg 980w, https:\/\/vistonia.ch\/wp-content\/uploads\/2026\/03\/b6b76b_7504530043ff4838adbf7dfed7191b5dmv2-480x208.jpg 480w\" sizes=\"(min-width: 0px) and (max-width: 480px) 480px, (min-width: 481px) and (max-width: 980px) 980px, (min-width: 981px) 1024px, 100vw\" class=\"wp-image-484\" alt=\"B6b76b 7504530043ff4838adbf7dfed7191b5dmv2 1024x444\" title=\"Privat \u2013Institutionnell\"><\/span><\/div>\n\n<div class=\"et_pb_heading_2 et_pb_heading et_pb_module et_flex_module\"><div class=\"et_pb_heading_container\"><h3 class=\"et_pb_module_header\">Entwicklung Berufsbildungszentrum Kanton Freiburg<\/h3><\/div><\/div>\n\n<div class=\"et_pb_text_7 et_pb_text et_pb_bg_layout_light et_pb_module et_flex_module\"><div class=\"et_pb_text_inner\"><p>Vereinigung des kantonalen Berufsbildungszentrums<\/p>\n<\/div><\/div>\n<\/div>\n<\/div><div class=\"et_pb_column_10 et_pb_column et-last-child et_flex_column et_pb_css_mix_blend_mode_passthrough et_flex_column_12_24 et_flex_column_12_24_tablet et_flex_column_12_24_phone\" data-loop-item=\"3\">\n<div class=\"et_pb_group_3 et_pb_group et-last-child et_pb_module et_pb_css_mix_blend_mode_passthrough et_clickable\">\n<div class=\"et_pb_image_3 et_pb_image et_pb_module et_flex_module\"><span class=\"et_pb_image_wrap\"><img loading=\"lazy\" decoding=\"async\" src=\"https:\/\/vistonia.ch\/wp-content\/uploads\/2026\/03\/b6b76b_7e18b66995db48bf870f8f9f7d4b1512mv2-1024x384.jpeg\" title=\"b6b76b_7e18b66995db48bf870f8f9f7d4b1512~mv2\" width=\"1024\" height=\"384\" srcset=\"https:\/\/vistonia.ch\/wp-content\/uploads\/2026\/03\/b6b76b_7e18b66995db48bf870f8f9f7d4b1512mv2-980x367.jpeg 980w, https:\/\/vistonia.ch\/wp-content\/uploads\/2026\/03\/b6b76b_7e18b66995db48bf870f8f9f7d4b1512mv2-480x180.jpeg 480w\" sizes=\"(min-width: 0px) and (max-width: 480px) 480px, (min-width: 481px) and (max-width: 980px) 980px, (min-width: 981px) 1024px, 100vw\" class=\"wp-image-462\" alt=\"B6b76b 7e18b66995db48bf870f8f9f7d4b1512mv2 1024x384\"><\/span><\/div>\n\n<div class=\"et_pb_heading_3 et_pb_heading et_pb_module et_flex_module\"><div class=\"et_pb_heading_container\"><h3 class=\"et_pb_module_header\">Revitalisierung und Transformation eines Landwirtschaftsgeb\u00e4udes in ein Landwirtschaftszentrum, Posieux FR<\/h3><\/div><\/div>\n\n<div class=\"et_pb_text_8 et_pb_text et_pb_bg_layout_light et_pb_module et_flex_module\"><div class=\"et_pb_text_inner\"><p>Institut Agricole de Grangeneuve (IAG)<\/p>\n<\/div><\/div>\n<\/div>\n<\/div><\/div>\n<\/div>","protected":false},"excerpt":{"rendered":"","protected":false},"author":1,"featured_media":0,"parent":0,"menu_order":0,"comment_status":"closed","ping_status":"closed","template":"","meta":{"footnotes":""},"class_list":["post-1102","page","type-page","status-publish","hentry"],"_links":{"self":[{"href":"https:\/\/vistonia.ch\/de\/wp-json\/wp\/v2\/pages\/1102","targetHints":{"allow":["GET"]}}],"collection":[{"href":"https:\/\/vistonia.ch\/de\/wp-json\/wp\/v2\/pages"}],"about":[{"href":"https:\/\/vistonia.ch\/de\/wp-json\/wp\/v2\/types\/page"}],"author":[{"embeddable":true,"href":"https:\/\/vistonia.ch\/de\/wp-json\/wp\/v2\/users\/1"}],"replies":[{"embeddable":true,"href":"https:\/\/vistonia.ch\/de\/wp-json\/wp\/v2\/comments?post=1102"}],"version-history":[{"count":14,"href":"https:\/\/vistonia.ch\/de\/wp-json\/wp\/v2\/pages\/1102\/revisions"}],"predecessor-version":[{"id":1220,"href":"https:\/\/vistonia.ch\/de\/wp-json\/wp\/v2\/pages\/1102\/revisions\/1220"}],"wp:attachment":[{"href":"https:\/\/vistonia.ch\/de\/wp-json\/wp\/v2\/media?parent=1102"}],"curies":[{"name":"wp","href":"https:\/\/api.w.org\/{rel}","templated":true}]}}